{"id":980,"date":"2022-02-01T18:39:48","date_gmt":"2022-02-01T17:39:48","guid":{"rendered":"https:\/\/lagarba.com\/aviso-de-cookies\/"},"modified":"2025-01-10T18:28:08","modified_gmt":"2025-01-10T17:28:08","slug":"cookies","status":"publish","type":"page","link":"https:\/\/sbhotelslagarba.com\/es\/cookies\/","title":{"rendered":"Pol\u00edtica de Cookies"},"content":{"rendered":"\t\t<div data-elementor-type=\"wp-page\" data-elementor-id=\"980\" class=\"elementor elementor-980 elementor-538\" data-elementor-settings=\"{&quot;ha_cmc_init_switcher&quot;:&quot;no&quot;}\">\n\t\t\t\t\t\t<section class=\"elementor-section elementor-top-section elementor-element elementor-element-bb16c29 elementor-section-height-full elementor-section-boxed elementor-section-height-default elementor-section-items-middle\" data-id=\"bb16c29\" data-element_type=\"section\" data-e-type=\"section\" data-settings=\"{&quot;background_background&quot;:&quot;classic&quot;,&quot;_ha_eqh_enable&quot;:false}\">\n\t\t\t\t\t\t\t<div class=\"elementor-background-overlay\"><\/div>\n\t\t\t\t\t\t\t<div class=\"elementor-container elementor-column-gap-default\">\n\t\t\t\t\t<div class=\"elementor-column elementor-col-100 elementor-top-column elementor-element elementor-element-3ea0bac7\" data-id=\"3ea0bac7\" data-element_type=\"column\" data-e-type=\"column\">\n\t\t\t<div class=\"elementor-widget-wrap elementor-element-populated\">\n\t\t\t\t\t\t<div class=\"elementor-element elementor-element-72019db8 premium-header-block premium-lq__none premium-box-lq__none elementor-invisible elementor-widget elementor-widget-premium-addon-dual-header\" data-id=\"72019db8\" data-element_type=\"widget\" data-e-type=\"widget\" data-settings=\"{&quot;_animation&quot;:&quot;bounceIn&quot;}\" data-widget_type=\"premium-addon-dual-header.default\">\n\t\t\t\t\t\n\t\t<div class=\"elementor-widget-container\">\n\t\t\t\t\t<h1 class=\"premium-dual-header-first-header \"><span class=\"premium-dual-header-first-span\"> <\/span><span class=\"premium-dual-header-second-header  gradient\">Pol\u00edtica de Cookies<\/span><\/h1> \t\t\t\t<\/div>\n\n\t\t\t\t\t\t<\/div>\n\t\t\t\t\t<\/div>\n\t\t<\/div>\n\t\t\t\t\t<\/div>\n\t\t<\/section>\n\t\t\t\t<section class=\"elementor-section elementor-top-section elementor-element elementor-element-40177ae0 elementor-section-boxed elementor-section-height-default elementor-section-height-default\" data-id=\"40177ae0\" data-element_type=\"section\" data-e-type=\"section\" data-settings=\"{&quot;_ha_eqh_enable&quot;:false}\">\n\t\t\t\t\t\t<div class=\"elementor-container elementor-column-gap-default\">\n\t\t\t\t\t<div class=\"elementor-column elementor-col-100 elementor-top-column elementor-element elementor-element-48096891\" data-id=\"48096891\" data-element_type=\"column\" data-e-type=\"column\">\n\t\t\t<div class=\"elementor-widget-wrap elementor-element-populated\">\n\t\t\t\t\t\t<div class=\"elementor-element elementor-element-156b724 elementor-invisible elementor-widget elementor-widget-text-editor\" data-id=\"156b724\" data-element_type=\"widget\" data-e-type=\"widget\" data-settings=\"{&quot;_animation_delay&quot;:400,&quot;_animation&quot;:&quot;fadeIn&quot;}\" data-widget_type=\"text-editor.default\">\n\t\t\t\t<div class=\"elementor-widget-container\">\n\t\t\t\t\t\t\t\t\t<p>Les informamos que para un correcto funcionamiento de la web www.lagarba.com, el sistema de navegaci\u00f3n utiliza algunos datos de navegaci\u00f3n (Cookies) para poder ofrecer un servicio m\u00e1s personalizado a los usuarios de la web. Las cookies son peque\u00f1os archivos de texto que el navegador guarda cuando se navega por p\u00e1ginas web y aplicaciones. Se puede obtener la informaci\u00f3n de la direcci\u00f3n IP que utiliza el ordenador para conectarse a la p\u00e1gina web, la direcci\u00f3n URL de la p\u00e1gina web solicitada, la hora de la conexi\u00f3n y otros par\u00e1metros relativos al sistema operativo del entorno inform\u00e1tico del usuario. Esta informaci\u00f3n s\u00f3lo se recoge para identificar la sesi\u00f3n con el objetivo de facilitar el an\u00e1lisis de la p\u00e1gina web.   <\/p>\n<h4><strong>Club ESPORTIU LA GARBA en su web&nbsp;utiliza \u201ccookies\u201d de terceros:<\/strong><\/h4>\n<p>Cookies anal\u00edtiques: i en concret de Google Analytics; que \u00e9s un servei d\u2019estad\u00edstiques de p\u00e0gines web que ofereix Google, Inc. Google Analytics recull informaci\u00f3 de l\u2019equip de l\u2019usuari per a obtenir&nbsp; informes sobre l\u2019activitat de l\u2019aplicaci\u00f3; guardant la informaci\u00f3 emmagatzemada en servidors dels Estats Units. <\/p>\n<p>Se informa al usuario que Google podr\u00e1 transmitir esta informaci\u00f3n a terceros cuando as\u00ed lo requiera la ley, o cuando estos terceros procesen la informaci\u00f3n por cuenta de Google. Google no asociar\u00e1 la direcci\u00f3n de IP del usuario con otro dato del que dispongan, y por tanto lo har\u00e1n totalmente de forma an\u00f3nima. <\/p>\n<p>Para rechazar o eliminar esta \u201ccookie\u201d&nbsp; se puede consultar la siguiente direcci\u00f3n:<\/p>\n<p><a href=\"http:\/\/www.google.com\/intl\/ca\/policies\/privacy\/\" target=\"_blank\" rel=\"noopener\">http:\/\/www.google.com\/intl\/ca\/policies\/privacy\/<\/a><\/p>\n<p><a href=\"http:\/\/www.google.com\/intl\/en\/privacypolicy.html\" target=\"_blank\" rel=\"noopener\">http:\/\/www.google.com\/intl\/en\/privacypolicy.html<\/a><\/p>\n<p>En virtud de la normativa de Protecci\u00f3n de Datos de Car\u00e1cter Personal, por la presente autoriza a que los datos personales facilitados sean incorporados en un fichero denominado Redes sociales y marketing &nbsp;responsabilidad de Club Esportiu La Garba.<\/p>\n<p>La finalidad de este tratamiento es la gesti\u00f3n y control de las redes sociales que se disponen as\u00ed como de los usuarios&nbsp; que interactuan&nbsp; la web y la informaci\u00f3n que se obtiene. Estos datos&nbsp; ser\u00e1n transmitidos&nbsp; por las empresas gestoras de las cookies y ser\u00e1n conservados de acuerdo. a los par\u00e1metros de estas entidades. <\/p>\n<p>En cualquier caso, podr\u00e1 indicar la revocaci\u00f3n del consentimiento otorgado, as\u00ed como ejercitar los derechos de acceso, rectificaci\u00f3n o supresi\u00f3n, la limitaci\u00f3n del tratamiento u oponerse, as\u00ed como el derecho a la portabilidad de los datos. Estas peticiones ser\u00e1 necesario que se realicen a trav\u00e9s de correo electr\u00f3nico: info@lagarba.com<\/p>\n<p>Asimismo podr\u00e1 presentar reclamaci\u00f3n ante la Agencia Espa\u00f1ola de Protecci\u00f3n de Datos.<\/p>\n<h4><strong>Desactivaci\u00f3n y bloqueo de las cookies<\/strong><\/h4>\n<p>En cualquier caso, el usuario puede habilitar la opci\u00f3n de su propio sistema de navegaci\u00f3n para no permitir la instalaci\u00f3n de cookies; sin que en ning\u00fan caso Club Esportiu La Garba&nbsp;pugui ser responsable de que la inhabilitaci\u00f3n de Cookies comporte que algunos de los servicios que ofrece esta web no funcione correctamente.<\/p>\n<p>En los siguientes enlaces, podr\u00e1 encontrar instrucciones que le ayudar\u00e1n a configurar los ajustes de los principales navegadores m\u00e1s utilizados.<\/p>\n<p>Internet Explorer: <a href=\"https:\/\/support.microsoft.com\/es-es\/help\/17442\/windows-internet-explorer-delete-manage-cookies\" target=\"_blank\" rel=\"noopener\">https:\/\/support.microsoft.com\/es-es\/help\/17442\/windows-internet-explorer-delete-manage-cookies<\/a><\/p>\n<p>Google Chrome: <a href=\"https:\/\/support.google.com\/chrome\/answer\/95647?hl=es\" target=\"_blank\" rel=\"noopener\">https:\/\/support.google.com\/chrome\/answer\/95647?hl=es<\/a><\/p>\n<p>Mozilla Firefox: <a href=\"https:\/\/support.mozilla.org\/t5\/Cookies-y-cach%C3%A9\/Habilitar-y-deshabilitar-cookies-que-los-sitios-web-utilizan\/ta-p\/13811\" target=\"_blank\" rel=\"noopener\">https:\/\/support.mozilla.org\/t5\/Cookies-y-cach%C3%A9\/Habilitar-y-deshabilitar-cookies-que-los-sitios-web-utilizan\/ta-p\/13811<\/a><\/p>\n<p>Safari: <a href=\"https:\/\/support.apple.com\/kb\/ph21411?locale=es_ES\" target=\"_blank\" rel=\"noopener\">https:\/\/support.apple.com\/kb\/ph21411?locale=es_ES<\/a><\/p>\n<p>Safari para IOS (Iphone, IPad): <a href=\"http:\/\/support.apple.com\/kb\/ht1677?viewlocale=es_es&amp;locale=es_es\" target=\"_blank\" rel=\"noopener\">http:\/\/support.apple.com\/kb\/ht1677?viewlocale=es_es&amp;locale=es_es<\/a><\/p>\n<p>Chrome para Android: <a href=\"https:\/\/support.google.com\/chrome\/answer\/2392971?hl=es\" target=\"_blank\" rel=\"noopener\">https:\/\/support.google.com\/chrome\/answer\/2392971?hl=es<\/a><\/p>\n<p>Si desea m\u00e1s informaci\u00f3n sobre las cookies y su forma de deshabilitarlas seg\u00fan su sistema de navegaci\u00f3n puede consultar los siguientes ENLACES:&nbsp;<a href=\"http:\/\/www.aboutcookies.org\/\">www.aboutcookies.org<\/a>&nbsp;y&nbsp;<a href=\"http:\/\/www.aboutcookies.org\/Default.aspx?page=1\" target=\"_blank\" rel=\"noopener\">http:\/\/www.aboutcookies.org\/Default.aspx?page=1<\/a><\/p>\n<p>En caso contrario, y habiendo informado a Club Esportiu La Garba del uso de cookies, y sin que \u00e9stas hayan sido inhabilitadas implica que el usuario da su consentimiento al tratamiento de datos por Google en la forma prevista en este aviso y para las finalidades aqu\u00ed descritas.&nbsp;<\/p>\n<p>En caso de duda o de cualquier comentario, puede dirigirse a Club Esportiu La Garba a trav\u00e9s de sus medios de atenci\u00f3n al p\u00fablico o bien comunicarse con nosotros a trav\u00e9s de: info@lagarba.com&nbsp;<\/p>\t\t\t\t\t\t\t\t<\/div>\n\t\t\t\t<\/div>\n\t\t\t\t\t<\/div>\n\t\t<\/div>\n\t\t\t\t\t<\/div>\n\t\t<\/section>\n\t\t\t\t<\/div>\n\t\t","protected":false},"excerpt":{"rendered":"<p>Pol\u00edtica de Cookies Les informamos que para un correcto funcionamiento de la web www.lagarba.com, el sistema de navegaci\u00f3n utiliza algunos datos de navegaci\u00f3n (Cookies) para poder ofrecer un servicio m\u00e1s personalizado a los usuarios de la web. Las cookies son peque\u00f1os archivos de texto que el navegador guarda cuando se navega por p\u00e1ginas web y [&hellip;]<\/p>\n","protected":false},"author":1,"featured_media":0,"parent":0,"menu_order":0,"comment_status":"closed","ping_status":"closed","template":"","meta":{"_monsterinsights_skip_tracking":false,"_monsterinsights_sitenote_active":false,"_monsterinsights_sitenote_note":"","_monsterinsights_sitenote_category":0,"site-sidebar-layout":"no-sidebar","site-content-layout":"page-builder","ast-site-content-layout":"default","site-content-style":"default","site-sidebar-style":"default","ast-global-header-display":"","ast-banner-title-visibility":"","ast-main-header-display":"","ast-hfb-above-header-display":"","ast-hfb-below-header-display":"","ast-hfb-mobile-header-display":"","site-post-title":"disabled","ast-breadcrumbs-content":"","ast-featured-img":"","footer-sml-layout":"","ast-disable-related-posts":"","theme-transparent-header-meta":"enabled","adv-header-id-meta":"","stick-header-meta":"","header-above-stick-meta":"","header-main-stick-meta":"","header-below-stick-meta":"","astra-migrate-meta-layouts":"default","ast-page-background-enabled":"default","ast-page-background-meta":{"desktop":{"background-color":"","background-image":"","background-repeat":"repeat","background-position":"center center","background-size":"auto","background-attachment":"scroll","background-type":"","background-media":"","overlay-type":"","overlay-color":"","overlay-opacity":"","overlay-gradient":""},"tablet":{"background-color":"","background-image":"","background-repeat":"repeat","background-position":"center center","background-size":"auto","background-attachment":"scroll","background-type":"","background-media":"","overlay-type":"","overlay-color":"","overlay-opacity":"","overlay-gradient":""},"mobile":{"background-color":"","background-image":"","background-repeat":"repeat","background-position":"center center","background-size":"auto","background-attachment":"scroll","background-type":"","background-media":"","overlay-type":"","overlay-color":"","overlay-opacity":"","overlay-gradient":""}},"ast-content-background-meta":{"desktop":{"background-color":"var(--ast-global-color-5)","background-image":"","background-repeat":"repeat","background-position":"center center","background-size":"auto","background-attachment":"scroll","background-type":"","background-media":"","overlay-type":"","overlay-color":"","overlay-opacity":"","overlay-gradient":""},"tablet":{"background-color":"var(--ast-global-color-5)","background-image":"","background-repeat":"repeat","background-position":"center center","background-size":"auto","background-attachment":"scroll","background-type":"","background-media":"","overlay-type":"","overlay-color":"","overlay-opacity":"","overlay-gradient":""},"mobile":{"background-color":"var(--ast-global-color-5)","background-image":"","background-repeat":"repeat","background-position":"center center","background-size":"auto","background-attachment":"scroll","background-type":"","background-media":"","overlay-type":"","overlay-color":"","overlay-opacity":"","overlay-gradient":""}},"footnotes":""},"class_list":["post-980","page","type-page","status-publish","hentry"],"yoast_head":"<!-- This site is optimized with the Yoast SEO plugin v27.3 - https:\/\/yoast.com\/product\/yoast-seo-wordpress\/ -->\n<title>Pol\u00edtica de Cookies - SB Hotels La Garba<\/title>\n<meta name=\"description\" content=\"Aviso de Cookies de la p\u00e1gina web de La Garba.\" \/>\n<meta name=\"robots\" content=\"index, follow, max-snippet:-1, max-image-preview:large, max-video-preview:-1\" \/>\n<link rel=\"canonical\" href=\"https:\/\/sbhotelslagarba.com\/es\/cookies\/\" \/>\n<meta property=\"og:locale\" content=\"es_ES\" \/>\n<meta property=\"og:type\" content=\"article\" \/>\n<meta property=\"og:title\" content=\"Pol\u00edtica de Cookies - SB Hotels La Garba\" \/>\n<meta property=\"og:description\" content=\"Aviso de Cookies de la p\u00e1gina web de La Garba.\" \/>\n<meta property=\"og:url\" content=\"https:\/\/sbhotelslagarba.com\/es\/cookies\/\" \/>\n<meta property=\"og:site_name\" content=\"SB Hotels La Garba\" \/>\n<meta property=\"article:modified_time\" content=\"2025-01-10T17:28:08+00:00\" \/>\n<meta name=\"twitter:card\" content=\"summary_large_image\" \/>\n<meta name=\"twitter:label1\" content=\"Tiempo de lectura\" \/>\n\t<meta name=\"twitter:data1\" content=\"3 minutos\" \/>\n<script type=\"application\/ld+json\" class=\"yoast-schema-graph\">{\"@context\":\"https:\\\/\\\/schema.org\",\"@graph\":[{\"@type\":\"WebPage\",\"@id\":\"https:\\\/\\\/sbhotelslagarba.com\\\/es\\\/cookies\\\/\",\"url\":\"https:\\\/\\\/sbhotelslagarba.com\\\/es\\\/cookies\\\/\",\"name\":\"Pol\u00edtica de Cookies - SB Hotels La Garba\",\"isPartOf\":{\"@id\":\"https:\\\/\\\/sbhotelslagarba.com\\\/es\\\/#website\"},\"datePublished\":\"2022-02-01T17:39:48+00:00\",\"dateModified\":\"2025-01-10T17:28:08+00:00\",\"description\":\"Aviso de Cookies de la p\u00e1gina web de La Garba.\",\"breadcrumb\":{\"@id\":\"https:\\\/\\\/sbhotelslagarba.com\\\/es\\\/cookies\\\/#breadcrumb\"},\"inLanguage\":\"es\",\"potentialAction\":[{\"@type\":\"ReadAction\",\"target\":[\"https:\\\/\\\/sbhotelslagarba.com\\\/es\\\/cookies\\\/\"]}]},{\"@type\":\"BreadcrumbList\",\"@id\":\"https:\\\/\\\/sbhotelslagarba.com\\\/es\\\/cookies\\\/#breadcrumb\",\"itemListElement\":[{\"@type\":\"ListItem\",\"position\":1,\"name\":\"Portada\",\"item\":\"https:\\\/\\\/sbhotelslagarba.com\\\/es\\\/la-garba\\\/\"},{\"@type\":\"ListItem\",\"position\":2,\"name\":\"Pol\u00edtica de Cookies\"}]},{\"@type\":\"WebSite\",\"@id\":\"https:\\\/\\\/sbhotelslagarba.com\\\/es\\\/#website\",\"url\":\"https:\\\/\\\/sbhotelslagarba.com\\\/es\\\/\",\"name\":\"SB Hotels La Garba\",\"description\":\"Gravel\",\"publisher\":{\"@id\":\"https:\\\/\\\/sbhotelslagarba.com\\\/es\\\/#organization\"},\"potentialAction\":[{\"@type\":\"SearchAction\",\"target\":{\"@type\":\"EntryPoint\",\"urlTemplate\":\"https:\\\/\\\/sbhotelslagarba.com\\\/es\\\/?s={search_term_string}\"},\"query-input\":{\"@type\":\"PropertyValueSpecification\",\"valueRequired\":true,\"valueName\":\"search_term_string\"}}],\"inLanguage\":\"es\"},{\"@type\":\"Organization\",\"@id\":\"https:\\\/\\\/sbhotelslagarba.com\\\/es\\\/#organization\",\"name\":\"SB Hotels La Garba\",\"url\":\"https:\\\/\\\/sbhotelslagarba.com\\\/es\\\/\",\"logo\":{\"@type\":\"ImageObject\",\"inLanguage\":\"es\",\"@id\":\"https:\\\/\\\/sbhotelslagarba.com\\\/es\\\/#\\\/schema\\\/logo\\\/image\\\/\",\"url\":\"https:\\\/\\\/sbhotelslagarba.com\\\/wp-content\\\/uploads\\\/2024\\\/02\\\/logo-sbhotels-lagarba.svg\",\"contentUrl\":\"https:\\\/\\\/sbhotelslagarba.com\\\/wp-content\\\/uploads\\\/2024\\\/02\\\/logo-sbhotels-lagarba.svg\",\"caption\":\"SB Hotels La Garba\"},\"image\":{\"@id\":\"https:\\\/\\\/sbhotelslagarba.com\\\/es\\\/#\\\/schema\\\/logo\\\/image\\\/\"}}]}<\/script>\n<!-- \/ Yoast SEO plugin. -->","yoast_head_json":{"title":"Pol\u00edtica de Cookies - SB Hotels La Garba","description":"Aviso de Cookies de la p\u00e1gina web de La Garba.","robots":{"index":"index","follow":"follow","max-snippet":"max-snippet:-1","max-image-preview":"max-image-preview:large","max-video-preview":"max-video-preview:-1"},"canonical":"https:\/\/sbhotelslagarba.com\/es\/cookies\/","og_locale":"es_ES","og_type":"article","og_title":"Pol\u00edtica de Cookies - SB Hotels La Garba","og_description":"Aviso de Cookies de la p\u00e1gina web de La Garba.","og_url":"https:\/\/sbhotelslagarba.com\/es\/cookies\/","og_site_name":"SB Hotels La Garba","article_modified_time":"2025-01-10T17:28:08+00:00","twitter_card":"summary_large_image","twitter_misc":{"Tiempo de lectura":"3 minutos"},"schema":{"@context":"https:\/\/schema.org","@graph":[{"@type":"WebPage","@id":"https:\/\/sbhotelslagarba.com\/es\/cookies\/","url":"https:\/\/sbhotelslagarba.com\/es\/cookies\/","name":"Pol\u00edtica de Cookies - SB Hotels La Garba","isPartOf":{"@id":"https:\/\/sbhotelslagarba.com\/es\/#website"},"datePublished":"2022-02-01T17:39:48+00:00","dateModified":"2025-01-10T17:28:08+00:00","description":"Aviso de Cookies de la p\u00e1gina web de La Garba.","breadcrumb":{"@id":"https:\/\/sbhotelslagarba.com\/es\/cookies\/#breadcrumb"},"inLanguage":"es","potentialAction":[{"@type":"ReadAction","target":["https:\/\/sbhotelslagarba.com\/es\/cookies\/"]}]},{"@type":"BreadcrumbList","@id":"https:\/\/sbhotelslagarba.com\/es\/cookies\/#breadcrumb","itemListElement":[{"@type":"ListItem","position":1,"name":"Portada","item":"https:\/\/sbhotelslagarba.com\/es\/la-garba\/"},{"@type":"ListItem","position":2,"name":"Pol\u00edtica de Cookies"}]},{"@type":"WebSite","@id":"https:\/\/sbhotelslagarba.com\/es\/#website","url":"https:\/\/sbhotelslagarba.com\/es\/","name":"SB Hotels La Garba","description":"Gravel","publisher":{"@id":"https:\/\/sbhotelslagarba.com\/es\/#organization"},"potentialAction":[{"@type":"SearchAction","target":{"@type":"EntryPoint","urlTemplate":"https:\/\/sbhotelslagarba.com\/es\/?s={search_term_string}"},"query-input":{"@type":"PropertyValueSpecification","valueRequired":true,"valueName":"search_term_string"}}],"inLanguage":"es"},{"@type":"Organization","@id":"https:\/\/sbhotelslagarba.com\/es\/#organization","name":"SB Hotels La Garba","url":"https:\/\/sbhotelslagarba.com\/es\/","logo":{"@type":"ImageObject","inLanguage":"es","@id":"https:\/\/sbhotelslagarba.com\/es\/#\/schema\/logo\/image\/","url":"https:\/\/sbhotelslagarba.com\/wp-content\/uploads\/2024\/02\/logo-sbhotels-lagarba.svg","contentUrl":"https:\/\/sbhotelslagarba.com\/wp-content\/uploads\/2024\/02\/logo-sbhotels-lagarba.svg","caption":"SB Hotels La Garba"},"image":{"@id":"https:\/\/sbhotelslagarba.com\/es\/#\/schema\/logo\/image\/"}}]}},"_links":{"self":[{"href":"https:\/\/sbhotelslagarba.com\/es\/wp-json\/wp\/v2\/pages\/980","targetHints":{"allow":["GET"]}}],"collection":[{"href":"https:\/\/sbhotelslagarba.com\/es\/wp-json\/wp\/v2\/pages"}],"about":[{"href":"https:\/\/sbhotelslagarba.com\/es\/wp-json\/wp\/v2\/types\/page"}],"author":[{"embeddable":true,"href":"https:\/\/sbhotelslagarba.com\/es\/wp-json\/wp\/v2\/users\/1"}],"replies":[{"embeddable":true,"href":"https:\/\/sbhotelslagarba.com\/es\/wp-json\/wp\/v2\/comments?post=980"}],"version-history":[{"count":8,"href":"https:\/\/sbhotelslagarba.com\/es\/wp-json\/wp\/v2\/pages\/980\/revisions"}],"predecessor-version":[{"id":6180,"href":"https:\/\/sbhotelslagarba.com\/es\/wp-json\/wp\/v2\/pages\/980\/revisions\/6180"}],"wp:attachment":[{"href":"https:\/\/sbhotelslagarba.com\/es\/wp-json\/wp\/v2\/media?parent=980"}],"curies":[{"name":"wp","href":"https:\/\/api.w.org\/{rel}","templated":true}]}}