{"id":5843,"date":"2024-12-29T08:54:55","date_gmt":"2024-12-29T07:54:55","guid":{"rendered":"https:\/\/sbhotelslagarba.com\/inscripciones\/modifica-la-inscripcion\/"},"modified":"2025-09-01T14:35:23","modified_gmt":"2025-09-01T12:35:23","slug":"modifica-la-inscripcion","status":"publish","type":"page","link":"https:\/\/sbhotelslagarba.com\/es\/inscripciones\/modifica-la-inscripcion\/","title":{"rendered":"Modifica la inscripci\u00f3n"},"content":{"rendered":"\t\t<div data-elementor-type=\"wp-page\" data-elementor-id=\"5843\" class=\"elementor elementor-5843 elementor-5239\" data-elementor-settings=\"{&quot;ha_cmc_init_switcher&quot;:&quot;no&quot;}\">\n\t\t\t\t\t\t<section class=\"elementor-section elementor-top-section elementor-element elementor-element-3a1814b6 elementor-section-height-full elementor-section-boxed elementor-section-height-default elementor-section-items-middle\" data-id=\"3a1814b6\" data-element_type=\"section\" data-e-type=\"section\" data-settings=\"{&quot;background_background&quot;:&quot;classic&quot;,&quot;_ha_eqh_enable&quot;:false}\">\n\t\t\t\t\t\t\t<div class=\"elementor-background-overlay\"><\/div>\n\t\t\t\t\t\t\t<div class=\"elementor-container elementor-column-gap-default\">\n\t\t\t\t\t<div class=\"elementor-column elementor-col-100 elementor-top-column elementor-element elementor-element-6d27f773\" data-id=\"6d27f773\" data-element_type=\"column\" data-e-type=\"column\">\n\t\t\t<div class=\"elementor-widget-wrap elementor-element-populated\">\n\t\t\t\t\t\t<div class=\"elementor-element elementor-element-47993f8 premium-header-block premium-lq__none premium-box-lq__none elementor-invisible elementor-widget elementor-widget-premium-addon-dual-header\" data-id=\"47993f8\" data-element_type=\"widget\" data-e-type=\"widget\" data-settings=\"{&quot;_animation&quot;:&quot;bounceIn&quot;}\" data-widget_type=\"premium-addon-dual-header.default\">\n\t\t\t\t\t\n\t\t<div class=\"elementor-widget-container\">\n\t\t\t\t\t<h1 class=\"premium-dual-header-first-header \"><span class=\"premium-dual-header-first-span\">Inscripciones <\/span><span class=\"premium-dual-header-second-header  gradient\">Modifica tu inscripci\u00f3n<\/span><\/h1> \t\t\t\t<\/div>\n\n\t\t\t\t\t\t<\/div>\n\t\t\t\t\t<\/div>\n\t\t<\/div>\n\t\t\t\t\t<\/div>\n\t\t<\/section>\n\t\t\t\t<section class=\"elementor-section elementor-top-section elementor-element elementor-element-9b9168b elementor-section-boxed elementor-section-height-default elementor-section-height-default\" data-id=\"9b9168b\" data-element_type=\"section\" data-e-type=\"section\" data-settings=\"{&quot;_ha_eqh_enable&quot;:false}\">\n\t\t\t\t\t\t<div class=\"elementor-container elementor-column-gap-default\">\n\t\t\t\t\t<div class=\"elementor-column elementor-col-100 elementor-top-column elementor-element elementor-element-3c99eea\" data-id=\"3c99eea\" data-element_type=\"column\" data-e-type=\"column\">\n\t\t\t<div class=\"elementor-widget-wrap elementor-element-populated\">\n\t\t\t\t\t\t<div class=\"elementor-element elementor-element-96aa9a4 elementor-widget elementor-widget-html\" data-id=\"96aa9a4\" data-element_type=\"widget\" data-e-type=\"widget\" data-widget_type=\"html.default\">\n\t\t\t\t<div class=\"elementor-widget-container\">\n\t\t\t\t\t      <div id=\"dframe\" style=\"width:100%; max-width:100%\"><\/div>      <script type=\"text\/javascript\" src=\"https:\/\/rtsfiles.blob.core.windows.net\/scripts\/pym.js\"><\/script>      <script>        var pymParent = new pym.Parent('dframe', 'https:\/\/www.rockthesport.com\/ca\/esdeveniment\/sb-hotels-la-garba-2026\/consulta-inscrits?frm=0&men=0&tit=0', { });      <\/script>      <div><p style=\"width:100%; max-width:100%;color:#000000;font-size:16px;font-weight:bold;text-align:center;margin-bottom:30px;\">Si estas teniendo alg\u00fan problema para inscribirte <a style=\"color:#00a9e0;text-decoration:none;\" href=\"https:\/\/www.rockthesport.com\/es\/esdeveniment\/sb-hotels-la-garba-2026?frm=0&amp;men=0&amp;tit=0\">pulsa aqu\u00ed<\/a><\/p><\/div>    \t\t\t\t<\/div>\n\t\t\t\t<\/div>\n\t\t\t\t\t<\/div>\n\t\t<\/div>\n\t\t\t\t\t<\/div>\n\t\t<\/section>\n\t\t\t\t<\/div>\n\t\t","protected":false},"excerpt":{"rendered":"<p>Inscripciones Modifica tu inscripci\u00f3n Si estas teniendo alg\u00fan problema para inscribirte pulsa aqu\u00ed<\/p>\n","protected":false},"author":1,"featured_media":5567,"parent":5838,"menu_order":3,"comment_status":"closed","ping_status":"closed","template":"","meta":{"_monsterinsights_skip_tracking":false,"_monsterinsights_sitenote_active":false,"_monsterinsights_sitenote_note":"","_monsterinsights_sitenote_category":0,"site-sidebar-layout":"no-sidebar","site-content-layout":"page-builder","ast-site-content-layout":"full-width-container","site-content-style":"default","site-sidebar-style":"default","ast-global-header-display":"","ast-banner-title-visibility":"","ast-main-header-display":"","ast-hfb-above-header-display":"","ast-hfb-below-header-display":"","ast-hfb-mobile-header-display":"","site-post-title":"disabled","ast-breadcrumbs-content":"","ast-featured-img":"disabled","footer-sml-layout":"","ast-disable-related-posts":"","theme-transparent-header-meta":"","adv-header-id-meta":"","stick-header-meta":"","header-above-stick-meta":"","header-main-stick-meta":"","header-below-stick-meta":"","astra-migrate-meta-layouts":"default","ast-page-background-enabled":"default","ast-page-background-meta":{"desktop":{"background-color":"","background-image":"","background-repeat":"repeat","background-position":"center center","background-size":"auto","background-attachment":"scroll","background-type":"","background-media":"","overlay-type":"","overlay-color":"","overlay-opacity":"","overlay-gradient":""},"tablet":{"background-color":"","background-image":"","background-repeat":"repeat","background-position":"center center","background-size":"auto","background-attachment":"scroll","background-type":"","background-media":"","overlay-type":"","overlay-color":"","overlay-opacity":"","overlay-gradient":""},"mobile":{"background-color":"","background-image":"","background-repeat":"repeat","background-position":"center center","background-size":"auto","background-attachment":"scroll","background-type":"","background-media":"","overlay-type":"","overlay-color":"","overlay-opacity":"","overlay-gradient":""}},"ast-content-background-meta":{"desktop":{"background-color":"var(--ast-global-color-5)","background-image":"","background-repeat":"repeat","background-position":"center center","background-size":"auto","background-attachment":"scroll","background-type":"","background-media":"","overlay-type":"","overlay-color":"","overlay-opacity":"","overlay-gradient":""},"tablet":{"background-color":"var(--ast-global-color-5)","background-image":"","background-repeat":"repeat","background-position":"center center","background-size":"auto","background-attachment":"scroll","background-type":"","background-media":"","overlay-type":"","overlay-color":"","overlay-opacity":"","overlay-gradient":""},"mobile":{"background-color":"var(--ast-global-color-5)","background-image":"","background-repeat":"repeat","background-position":"center center","background-size":"auto","background-attachment":"scroll","background-type":"","background-media":"","overlay-type":"","overlay-color":"","overlay-opacity":"","overlay-gradient":""}},"footnotes":""},"class_list":["post-5843","page","type-page","status-publish","has-post-thumbnail","hentry"],"yoast_head":"<!-- This site is optimized with the Yoast SEO plugin v27.3 - https:\/\/yoast.com\/product\/yoast-seo-wordpress\/ -->\n<title>Modifica la inscripci\u00f3n - SB Hotels La Garba<\/title>\n<meta name=\"description\" content=\"Modifica tu inscripci\u00f3n en la SB Hotels La Garba.\" \/>\n<meta name=\"robots\" content=\"index, follow, max-snippet:-1, max-image-preview:large, max-video-preview:-1\" \/>\n<link rel=\"canonical\" href=\"https:\/\/sbhotelslagarba.com\/es\/inscripciones\/modifica-la-inscripcion\/\" \/>\n<meta property=\"og:locale\" content=\"es_ES\" \/>\n<meta property=\"og:type\" content=\"article\" \/>\n<meta property=\"og:title\" content=\"Modifica la inscripci\u00f3n - SB Hotels La Garba\" \/>\n<meta property=\"og:description\" content=\"Modifica tu inscripci\u00f3n en la SB Hotels La Garba.\" \/>\n<meta property=\"og:url\" content=\"https:\/\/sbhotelslagarba.com\/es\/inscripciones\/modifica-la-inscripcion\/\" \/>\n<meta property=\"og:site_name\" content=\"SB Hotels La Garba\" \/>\n<meta property=\"article:modified_time\" content=\"2025-09-01T12:35:23+00:00\" \/>\n<meta property=\"og:image\" content=\"https:\/\/sbhotelslagarba.com\/wp-content\/uploads\/2024\/12\/modifica-inscripcio.jpg\" \/>\n\t<meta property=\"og:image:width\" content=\"1920\" \/>\n\t<meta property=\"og:image:height\" content=\"1280\" \/>\n\t<meta property=\"og:image:type\" content=\"image\/jpeg\" \/>\n<meta name=\"twitter:card\" content=\"summary_large_image\" \/>\n<meta name=\"twitter:label1\" content=\"Tiempo de lectura\" \/>\n\t<meta name=\"twitter:data1\" content=\"1 minuto\" \/>\n<script type=\"application\/ld+json\" class=\"yoast-schema-graph\">{\"@context\":\"https:\\\/\\\/schema.org\",\"@graph\":[{\"@type\":\"WebPage\",\"@id\":\"https:\\\/\\\/sbhotelslagarba.com\\\/es\\\/inscripciones\\\/modifica-la-inscripcion\\\/\",\"url\":\"https:\\\/\\\/sbhotelslagarba.com\\\/es\\\/inscripciones\\\/modifica-la-inscripcion\\\/\",\"name\":\"Modifica la inscripci\u00f3n - SB Hotels La Garba\",\"isPartOf\":{\"@id\":\"https:\\\/\\\/sbhotelslagarba.com\\\/es\\\/#website\"},\"primaryImageOfPage\":{\"@id\":\"https:\\\/\\\/sbhotelslagarba.com\\\/es\\\/inscripciones\\\/modifica-la-inscripcion\\\/#primaryimage\"},\"image\":{\"@id\":\"https:\\\/\\\/sbhotelslagarba.com\\\/es\\\/inscripciones\\\/modifica-la-inscripcion\\\/#primaryimage\"},\"thumbnailUrl\":\"https:\\\/\\\/sbhotelslagarba.com\\\/wp-content\\\/uploads\\\/2024\\\/12\\\/modifica-inscripcio.jpg\",\"datePublished\":\"2024-12-29T07:54:55+00:00\",\"dateModified\":\"2025-09-01T12:35:23+00:00\",\"description\":\"Modifica tu inscripci\u00f3n en la SB Hotels La Garba.\",\"breadcrumb\":{\"@id\":\"https:\\\/\\\/sbhotelslagarba.com\\\/es\\\/inscripciones\\\/modifica-la-inscripcion\\\/#breadcrumb\"},\"inLanguage\":\"es\",\"potentialAction\":[{\"@type\":\"ReadAction\",\"target\":[\"https:\\\/\\\/sbhotelslagarba.com\\\/es\\\/inscripciones\\\/modifica-la-inscripcion\\\/\"]}]},{\"@type\":\"ImageObject\",\"inLanguage\":\"es\",\"@id\":\"https:\\\/\\\/sbhotelslagarba.com\\\/es\\\/inscripciones\\\/modifica-la-inscripcion\\\/#primaryimage\",\"url\":\"https:\\\/\\\/sbhotelslagarba.com\\\/wp-content\\\/uploads\\\/2024\\\/12\\\/modifica-inscripcio.jpg\",\"contentUrl\":\"https:\\\/\\\/sbhotelslagarba.com\\\/wp-content\\\/uploads\\\/2024\\\/12\\\/modifica-inscripcio.jpg\",\"width\":1920,\"height\":1280},{\"@type\":\"BreadcrumbList\",\"@id\":\"https:\\\/\\\/sbhotelslagarba.com\\\/es\\\/inscripciones\\\/modifica-la-inscripcion\\\/#breadcrumb\",\"itemListElement\":[{\"@type\":\"ListItem\",\"position\":1,\"name\":\"Portada\",\"item\":\"https:\\\/\\\/sbhotelslagarba.com\\\/es\\\/la-garba\\\/\"},{\"@type\":\"ListItem\",\"position\":2,\"name\":\"Inscripciones\",\"item\":\"https:\\\/\\\/sbhotelslagarba.com\\\/es\\\/inscripciones\\\/\"},{\"@type\":\"ListItem\",\"position\":3,\"name\":\"Modifica la inscripci\u00f3n\"}]},{\"@type\":\"WebSite\",\"@id\":\"https:\\\/\\\/sbhotelslagarba.com\\\/es\\\/#website\",\"url\":\"https:\\\/\\\/sbhotelslagarba.com\\\/es\\\/\",\"name\":\"SB Hotels La Garba\",\"description\":\"Gravel\",\"publisher\":{\"@id\":\"https:\\\/\\\/sbhotelslagarba.com\\\/es\\\/#organization\"},\"potentialAction\":[{\"@type\":\"SearchAction\",\"target\":{\"@type\":\"EntryPoint\",\"urlTemplate\":\"https:\\\/\\\/sbhotelslagarba.com\\\/es\\\/?s={search_term_string}\"},\"query-input\":{\"@type\":\"PropertyValueSpecification\",\"valueRequired\":true,\"valueName\":\"search_term_string\"}}],\"inLanguage\":\"es\"},{\"@type\":\"Organization\",\"@id\":\"https:\\\/\\\/sbhotelslagarba.com\\\/es\\\/#organization\",\"name\":\"SB Hotels La Garba\",\"url\":\"https:\\\/\\\/sbhotelslagarba.com\\\/es\\\/\",\"logo\":{\"@type\":\"ImageObject\",\"inLanguage\":\"es\",\"@id\":\"https:\\\/\\\/sbhotelslagarba.com\\\/es\\\/#\\\/schema\\\/logo\\\/image\\\/\",\"url\":\"https:\\\/\\\/sbhotelslagarba.com\\\/wp-content\\\/uploads\\\/2024\\\/02\\\/logo-sbhotels-lagarba.svg\",\"contentUrl\":\"https:\\\/\\\/sbhotelslagarba.com\\\/wp-content\\\/uploads\\\/2024\\\/02\\\/logo-sbhotels-lagarba.svg\",\"caption\":\"SB Hotels La Garba\"},\"image\":{\"@id\":\"https:\\\/\\\/sbhotelslagarba.com\\\/es\\\/#\\\/schema\\\/logo\\\/image\\\/\"}}]}<\/script>\n<!-- \/ Yoast SEO plugin. -->","yoast_head_json":{"title":"Modifica la inscripci\u00f3n - SB Hotels La Garba","description":"Modifica tu inscripci\u00f3n en la SB Hotels La Garba.","robots":{"index":"index","follow":"follow","max-snippet":"max-snippet:-1","max-image-preview":"max-image-preview:large","max-video-preview":"max-video-preview:-1"},"canonical":"https:\/\/sbhotelslagarba.com\/es\/inscripciones\/modifica-la-inscripcion\/","og_locale":"es_ES","og_type":"article","og_title":"Modifica la inscripci\u00f3n - SB Hotels La Garba","og_description":"Modifica tu inscripci\u00f3n en la SB Hotels La Garba.","og_url":"https:\/\/sbhotelslagarba.com\/es\/inscripciones\/modifica-la-inscripcion\/","og_site_name":"SB Hotels La Garba","article_modified_time":"2025-09-01T12:35:23+00:00","og_image":[{"width":1920,"height":1280,"url":"https:\/\/sbhotelslagarba.com\/wp-content\/uploads\/2024\/12\/modifica-inscripcio.jpg","type":"image\/jpeg"}],"twitter_card":"summary_large_image","twitter_misc":{"Tiempo de lectura":"1 minuto"},"schema":{"@context":"https:\/\/schema.org","@graph":[{"@type":"WebPage","@id":"https:\/\/sbhotelslagarba.com\/es\/inscripciones\/modifica-la-inscripcion\/","url":"https:\/\/sbhotelslagarba.com\/es\/inscripciones\/modifica-la-inscripcion\/","name":"Modifica la inscripci\u00f3n - SB Hotels La Garba","isPartOf":{"@id":"https:\/\/sbhotelslagarba.com\/es\/#website"},"primaryImageOfPage":{"@id":"https:\/\/sbhotelslagarba.com\/es\/inscripciones\/modifica-la-inscripcion\/#primaryimage"},"image":{"@id":"https:\/\/sbhotelslagarba.com\/es\/inscripciones\/modifica-la-inscripcion\/#primaryimage"},"thumbnailUrl":"https:\/\/sbhotelslagarba.com\/wp-content\/uploads\/2024\/12\/modifica-inscripcio.jpg","datePublished":"2024-12-29T07:54:55+00:00","dateModified":"2025-09-01T12:35:23+00:00","description":"Modifica tu inscripci\u00f3n en la SB Hotels La Garba.","breadcrumb":{"@id":"https:\/\/sbhotelslagarba.com\/es\/inscripciones\/modifica-la-inscripcion\/#breadcrumb"},"inLanguage":"es","potentialAction":[{"@type":"ReadAction","target":["https:\/\/sbhotelslagarba.com\/es\/inscripciones\/modifica-la-inscripcion\/"]}]},{"@type":"ImageObject","inLanguage":"es","@id":"https:\/\/sbhotelslagarba.com\/es\/inscripciones\/modifica-la-inscripcion\/#primaryimage","url":"https:\/\/sbhotelslagarba.com\/wp-content\/uploads\/2024\/12\/modifica-inscripcio.jpg","contentUrl":"https:\/\/sbhotelslagarba.com\/wp-content\/uploads\/2024\/12\/modifica-inscripcio.jpg","width":1920,"height":1280},{"@type":"BreadcrumbList","@id":"https:\/\/sbhotelslagarba.com\/es\/inscripciones\/modifica-la-inscripcion\/#breadcrumb","itemListElement":[{"@type":"ListItem","position":1,"name":"Portada","item":"https:\/\/sbhotelslagarba.com\/es\/la-garba\/"},{"@type":"ListItem","position":2,"name":"Inscripciones","item":"https:\/\/sbhotelslagarba.com\/es\/inscripciones\/"},{"@type":"ListItem","position":3,"name":"Modifica la inscripci\u00f3n"}]},{"@type":"WebSite","@id":"https:\/\/sbhotelslagarba.com\/es\/#website","url":"https:\/\/sbhotelslagarba.com\/es\/","name":"SB Hotels La Garba","description":"Gravel","publisher":{"@id":"https:\/\/sbhotelslagarba.com\/es\/#organization"},"potentialAction":[{"@type":"SearchAction","target":{"@type":"EntryPoint","urlTemplate":"https:\/\/sbhotelslagarba.com\/es\/?s={search_term_string}"},"query-input":{"@type":"PropertyValueSpecification","valueRequired":true,"valueName":"search_term_string"}}],"inLanguage":"es"},{"@type":"Organization","@id":"https:\/\/sbhotelslagarba.com\/es\/#organization","name":"SB Hotels La Garba","url":"https:\/\/sbhotelslagarba.com\/es\/","logo":{"@type":"ImageObject","inLanguage":"es","@id":"https:\/\/sbhotelslagarba.com\/es\/#\/schema\/logo\/image\/","url":"https:\/\/sbhotelslagarba.com\/wp-content\/uploads\/2024\/02\/logo-sbhotels-lagarba.svg","contentUrl":"https:\/\/sbhotelslagarba.com\/wp-content\/uploads\/2024\/02\/logo-sbhotels-lagarba.svg","caption":"SB Hotels La Garba"},"image":{"@id":"https:\/\/sbhotelslagarba.com\/es\/#\/schema\/logo\/image\/"}}]}},"_links":{"self":[{"href":"https:\/\/sbhotelslagarba.com\/es\/wp-json\/wp\/v2\/pages\/5843","targetHints":{"allow":["GET"]}}],"collection":[{"href":"https:\/\/sbhotelslagarba.com\/es\/wp-json\/wp\/v2\/pages"}],"about":[{"href":"https:\/\/sbhotelslagarba.com\/es\/wp-json\/wp\/v2\/types\/page"}],"author":[{"embeddable":true,"href":"https:\/\/sbhotelslagarba.com\/es\/wp-json\/wp\/v2\/users\/1"}],"replies":[{"embeddable":true,"href":"https:\/\/sbhotelslagarba.com\/es\/wp-json\/wp\/v2\/comments?post=5843"}],"version-history":[{"count":6,"href":"https:\/\/sbhotelslagarba.com\/es\/wp-json\/wp\/v2\/pages\/5843\/revisions"}],"predecessor-version":[{"id":6990,"href":"https:\/\/sbhotelslagarba.com\/es\/wp-json\/wp\/v2\/pages\/5843\/revisions\/6990"}],"up":[{"embeddable":true,"href":"https:\/\/sbhotelslagarba.com\/es\/wp-json\/wp\/v2\/pages\/5838"}],"wp:featuredmedia":[{"embeddable":true,"href":"https:\/\/sbhotelslagarba.com\/es\/wp-json\/wp\/v2\/media\/5567"}],"wp:attachment":[{"href":"https:\/\/sbhotelslagarba.com\/es\/wp-json\/wp\/v2\/media?parent=5843"}],"curies":[{"name":"wp","href":"https:\/\/api.w.org\/{rel}","templated":true}]}}