{"id":5823,"date":"2024-12-29T08:04:32","date_gmt":"2024-12-29T07:04:32","guid":{"rendered":"https:\/\/sbhotelslagarba.com\/info\/programa\/"},"modified":"2026-02-24T11:42:34","modified_gmt":"2026-02-24T10:42:34","slug":"programa","status":"publish","type":"page","link":"https:\/\/sbhotelslagarba.com\/es\/info\/programa\/","title":{"rendered":"Programa"},"content":{"rendered":"\t\t<div data-elementor-type=\"wp-page\" data-elementor-id=\"5823\" class=\"elementor elementor-5823 elementor-5602\" data-elementor-settings=\"{&quot;ha_cmc_init_switcher&quot;:&quot;no&quot;}\">\n\t\t\t\t\t\t<section class=\"elementor-section elementor-top-section elementor-element elementor-element-734c04b elementor-section-height-full elementor-section-boxed elementor-section-height-default elementor-section-items-middle\" data-id=\"734c04b\" data-element_type=\"section\" data-e-type=\"section\" data-settings=\"{&quot;background_background&quot;:&quot;classic&quot;,&quot;_ha_eqh_enable&quot;:false}\">\n\t\t\t\t\t\t\t<div class=\"elementor-background-overlay\"><\/div>\n\t\t\t\t\t\t\t<div class=\"elementor-container elementor-column-gap-default\">\n\t\t\t\t\t<div class=\"elementor-column elementor-col-100 elementor-top-column elementor-element elementor-element-1d311eec\" data-id=\"1d311eec\" data-element_type=\"column\" data-e-type=\"column\">\n\t\t\t<div class=\"elementor-widget-wrap elementor-element-populated\">\n\t\t\t\t\t\t<div class=\"elementor-element elementor-element-cc014a2 premium-header-block premium-lq__none premium-box-lq__none elementor-invisible elementor-widget elementor-widget-premium-addon-dual-header\" data-id=\"cc014a2\" data-element_type=\"widget\" data-e-type=\"widget\" data-settings=\"{&quot;_animation&quot;:&quot;bounceIn&quot;}\" data-widget_type=\"premium-addon-dual-header.default\">\n\t\t\t\t\t\n\t\t<div class=\"elementor-widget-container\">\n\t\t\t\t\t<h1 class=\"premium-dual-header-first-header \"><span class=\"premium-dual-header-first-span\">Info <\/span><span class=\"premium-dual-header-second-header \">Programa<\/span><\/h1> \t\t\t\t<\/div>\n\n\t\t\t\t\t\t<\/div>\n\t\t\t\t\t<\/div>\n\t\t<\/div>\n\t\t\t\t\t<\/div>\n\t\t<\/section>\n\t\t\t\t<section class=\"elementor-section elementor-top-section elementor-element elementor-element-7420fb62 elementor-section-boxed elementor-section-height-default elementor-section-height-default\" data-id=\"7420fb62\" data-element_type=\"section\" data-e-type=\"section\" data-settings=\"{&quot;_ha_eqh_enable&quot;:false}\">\n\t\t\t\t\t\t<div class=\"elementor-container elementor-column-gap-default\">\n\t\t\t\t\t<div class=\"elementor-column elementor-col-100 elementor-top-column elementor-element elementor-element-34aaa2b6\" data-id=\"34aaa2b6\" data-element_type=\"column\" data-e-type=\"column\">\n\t\t\t<div class=\"elementor-widget-wrap elementor-element-populated\">\n\t\t\t\t\t\t<div class=\"elementor-element elementor-element-fc04cfa eael-infobox-content-align--center elementor-widget elementor-widget-eael-info-box\" data-id=\"fc04cfa\" data-element_type=\"widget\" data-e-type=\"widget\" data-widget_type=\"eael-info-box.default\">\n\t\t\t\t<div class=\"elementor-widget-container\">\n\t\t\t\t\t        <div class=\"eael-infobox icon-on-top\">\n\t            <div class=\"infobox-content\">\n                    <div class=\"infobox-title-section\">\n                <h3 class=\"title\">VIERNES 27 DE MARZO 2026<\/h3>            <\/div>\n                    <\/div>\n            <\/div>\n\n\t\t\t\t\t\t<\/div>\n\t\t\t\t<\/div>\n\t\t\t\t<div class=\"elementor-element elementor-element-a0ebbe7 elementor-widget elementor-widget-eael-advanced-data-table\" data-id=\"a0ebbe7\" data-element_type=\"widget\" data-e-type=\"widget\" data-widget_type=\"eael-advanced-data-table.default\">\n\t\t\t\t<div class=\"elementor-widget-container\">\n\t\t\t\t\t<div class=\"ea-advanced-data-table-wrap\" data-id=\"a0ebbe7\"><div class=\"ea-advanced-data-table-wrap-inner\">\n                <table class=\"ea-advanced-data-table ea-advanced-data-table-static ea-advanced-data-table-a0ebbe7\" data-id=\"a0ebbe7\"><tbody><tr><td><p>08:00 a 09:30<\/p><\/td><td><p>Desayuno previo a la salida<\/p><\/td><\/tr><tr><td><p>08:00 a 09:00<\/p><\/td><td><p>Recogida de dorsales Lo Voltor<\/p><\/td><\/tr><tr><td><p>09:30<\/p><\/td><td>SALIDA LO VOLTOR<\/td><\/tr><tr><td>17:30 a 20:30<\/td><td>Recogida de dorsales Lo Cabrit \/ La Cabra \/ Lo Flamenc<\/td><\/tr><tr><td>18:00 a 19:00<\/td><td>Warm Up Ride by Allout Cycling<\/td><\/tr><\/tbody><\/table>\n            <\/div><\/div>\t\t\t\t<\/div>\n\t\t\t\t<\/div>\n\t\t\t\t<div class=\"elementor-element elementor-element-a850338 elementor-widget elementor-widget-spacer\" data-id=\"a850338\" data-element_type=\"widget\" data-e-type=\"widget\" data-widget_type=\"spacer.default\">\n\t\t\t\t<div class=\"elementor-widget-container\">\n\t\t\t\t\t\t\t<div class=\"elementor-spacer\">\n\t\t\t<div class=\"elementor-spacer-inner\"><\/div>\n\t\t<\/div>\n\t\t\t\t\t\t<\/div>\n\t\t\t\t<\/div>\n\t\t\t\t<div class=\"elementor-element elementor-element-485907c eael-infobox-content-align--center elementor-widget elementor-widget-eael-info-box\" data-id=\"485907c\" data-element_type=\"widget\" data-e-type=\"widget\" data-widget_type=\"eael-info-box.default\">\n\t\t\t\t<div class=\"elementor-widget-container\">\n\t\t\t\t\t        <div class=\"eael-infobox icon-on-top\">\n\t            <div class=\"infobox-content\">\n                    <div class=\"infobox-title-section\">\n                <h3 class=\"title\">S\u00c1BADO 28 DE MARZO 2026<\/h3>            <\/div>\n                    <\/div>\n            <\/div>\n\n\t\t\t\t\t\t<\/div>\n\t\t\t\t<\/div>\n\t\t\t\t<div class=\"elementor-element elementor-element-8f76f83 elementor-widget elementor-widget-eael-advanced-data-table\" data-id=\"8f76f83\" data-element_type=\"widget\" data-e-type=\"widget\" data-widget_type=\"eael-advanced-data-table.default\">\n\t\t\t\t<div class=\"elementor-widget-container\">\n\t\t\t\t\t<div class=\"ea-advanced-data-table-wrap\" data-id=\"8f76f83\"><div class=\"ea-advanced-data-table-wrap-inner\">\n                <table class=\"ea-advanced-data-table ea-advanced-data-table-static ea-advanced-data-table-8f76f83\" data-id=\"8f76f83\"><tbody><tr><td>05:00 a 09:00<\/td><td>Desayuno previo a la salida<\/td><\/tr><tr><td><p>06:00<\/p><\/td><td><p>SALIDA LO FLAMENC<\/p><\/td><\/tr><tr><td>06:30 a 06:45<\/td><td>SALIDAS LA CABRA<\/td><\/tr><tr><td>07:30 a 08:30<\/td><td>Recogida de dorsales Lo Cabrit<\/td><\/tr><tr><td>08:30 a 09:00<\/td><td>SALIDAS LO CABRIT<\/td><\/tr><tr><td>13:00 a 20:30<\/td><td>After Party con DJ<\/td><\/tr><tr><td>14:00 a 16:00<\/td><td>Degustaci\u00f3n de arroz del Delta gracias a Arr\u00f2s Montsi\u00e0<\/td><\/tr><tr><td>17:00 a 18:00<\/td><td><p>Warm Up Ride by Gsport<\/p><\/td><\/tr><tr><td>17:30 a 20:30<\/td><td>Recogida de dorsales Lo Manoll y La Garba<\/td><\/tr><\/tbody><\/table>\n            <\/div><\/div>\t\t\t\t<\/div>\n\t\t\t\t<\/div>\n\t\t\t\t<div class=\"elementor-element elementor-element-59e8a55 elementor-widget elementor-widget-spacer\" data-id=\"59e8a55\" data-element_type=\"widget\" data-e-type=\"widget\" data-widget_type=\"spacer.default\">\n\t\t\t\t<div class=\"elementor-widget-container\">\n\t\t\t\t\t\t\t<div class=\"elementor-spacer\">\n\t\t\t<div class=\"elementor-spacer-inner\"><\/div>\n\t\t<\/div>\n\t\t\t\t\t\t<\/div>\n\t\t\t\t<\/div>\n\t\t\t\t<div class=\"elementor-element elementor-element-801deb3 eael-infobox-content-align--center elementor-widget elementor-widget-eael-info-box\" data-id=\"801deb3\" data-element_type=\"widget\" data-e-type=\"widget\" data-widget_type=\"eael-info-box.default\">\n\t\t\t\t<div class=\"elementor-widget-container\">\n\t\t\t\t\t        <div class=\"eael-infobox icon-on-top\">\n\t            <div class=\"infobox-content\">\n                    <div class=\"infobox-title-section\">\n                <h3 class=\"title\">DOMINGO 29 DE MARZO 2026<\/h3>            <\/div>\n                    <\/div>\n            <\/div>\n\n\t\t\t\t\t\t<\/div>\n\t\t\t\t<\/div>\n\t\t\t\t<div class=\"elementor-element elementor-element-fd5d214 elementor-widget elementor-widget-eael-advanced-data-table\" data-id=\"fd5d214\" data-element_type=\"widget\" data-e-type=\"widget\" data-widget_type=\"eael-advanced-data-table.default\">\n\t\t\t\t<div class=\"elementor-widget-container\">\n\t\t\t\t\t<div class=\"ea-advanced-data-table-wrap\" data-id=\"fd5d214\"><div class=\"ea-advanced-data-table-wrap-inner\">\n                <table class=\"ea-advanced-data-table ea-advanced-data-table-static ea-advanced-data-table-fd5d214\" data-id=\"fd5d214\"><tbody><tr><td>07:00 a 10:00<\/td><td>Desayuno previo a la salida<\/td><\/tr><tr><td>07:00 a 09:30<\/td><td>Recogida de dorsales Lo Manoll y La Garba<\/td><\/tr><tr><td>08:30 a 09:00<\/td><td>SALIDAS LA GARBA<\/td><\/tr><tr><td>09:30 a 10:00<\/td><td>SALIDAS LO MANOLL<\/td><\/tr><tr><td>13:00 a 15:00<\/td><td>Degustaci\u00f3n de arroz del Delta gracias a Arr\u00f2s Montsi\u00e0<\/td><\/tr><tr><td>13:00 a 20:00<\/td><td>After Party con DJ<\/td><\/tr><\/tbody><\/table>\n            <\/div><\/div>\t\t\t\t<\/div>\n\t\t\t\t<\/div>\n\t\t\t\t\t<\/div>\n\t\t<\/div>\n\t\t\t\t\t<\/div>\n\t\t<\/section>\n\t\t\t\t<\/div>\n\t\t","protected":false},"excerpt":{"rendered":"<p>Info Programa VIERNES 27 DE MARZO 2026 08:00 a 09:30 Desayuno previo a la salida 08:00 a 09:00 Recogida de dorsales Lo Voltor 09:30 SALIDA LO VOLTOR 17:30 a 20:30 Recogida de dorsales Lo Cabrit \/ La Cabra \/ Lo Flamenc 18:00 a 19:00 Warm Up Ride by Allout Cycling S\u00c1BADO 28 DE MARZO 2026 [&hellip;]<\/p>\n","protected":false},"author":1,"featured_media":5606,"parent":5820,"menu_order":1,"comment_status":"closed","ping_status":"closed","template":"","meta":{"_monsterinsights_skip_tracking":false,"_monsterinsights_sitenote_active":false,"_monsterinsights_sitenote_note":"","_monsterinsights_sitenote_category":0,"site-sidebar-layout":"no-sidebar","site-content-layout":"page-builder","ast-site-content-layout":"full-width-container","site-content-style":"default","site-sidebar-style":"default","ast-global-header-display":"","ast-banner-title-visibility":"","ast-main-header-display":"","ast-hfb-above-header-display":"","ast-hfb-below-header-display":"","ast-hfb-mobile-header-display":"","site-post-title":"disabled","ast-breadcrumbs-content":"","ast-featured-img":"disabled","footer-sml-layout":"","ast-disable-related-posts":"","theme-transparent-header-meta":"","adv-header-id-meta":"","stick-header-meta":"","header-above-stick-meta":"","header-main-stick-meta":"","header-below-stick-meta":"","astra-migrate-meta-layouts":"default","ast-page-background-enabled":"default","ast-page-background-meta":{"desktop":{"background-color":"","background-image":"","background-repeat":"repeat","background-position":"center center","background-size":"auto","background-attachment":"scroll","background-type":"","background-media":"","overlay-type":"","overlay-color":"","overlay-opacity":"","overlay-gradient":""},"tablet":{"background-color":"","background-image":"","background-repeat":"repeat","background-position":"center center","background-size":"auto","background-attachment":"scroll","background-type":"","background-media":"","overlay-type":"","overlay-color":"","overlay-opacity":"","overlay-gradient":""},"mobile":{"background-color":"","background-image":"","background-repeat":"repeat","background-position":"center center","background-size":"auto","background-attachment":"scroll","background-type":"","background-media":"","overlay-type":"","overlay-color":"","overlay-opacity":"","overlay-gradient":""}},"ast-content-background-meta":{"desktop":{"background-color":"var(--ast-global-color-5)","background-image":"","background-repeat":"repeat","background-position":"center center","background-size":"auto","background-attachment":"scroll","background-type":"","background-media":"","overlay-type":"","overlay-color":"","overlay-opacity":"","overlay-gradient":""},"tablet":{"background-color":"var(--ast-global-color-5)","background-image":"","background-repeat":"repeat","background-position":"center center","background-size":"auto","background-attachment":"scroll","background-type":"","background-media":"","overlay-type":"","overlay-color":"","overlay-opacity":"","overlay-gradient":""},"mobile":{"background-color":"var(--ast-global-color-5)","background-image":"","background-repeat":"repeat","background-position":"center center","background-size":"auto","background-attachment":"scroll","background-type":"","background-media":"","overlay-type":"","overlay-color":"","overlay-opacity":"","overlay-gradient":""}},"footnotes":""},"class_list":["post-5823","page","type-page","status-publish","has-post-thumbnail","hentry"],"yoast_head":"<!-- This site is optimized with the Yoast SEO plugin v27.3 - https:\/\/yoast.com\/product\/yoast-seo-wordpress\/ -->\n<title>Programa - SB Hotels La Garba<\/title>\n<meta name=\"description\" content=\"Programa de SB Hotels La Garba.\" \/>\n<meta name=\"robots\" content=\"index, follow, max-snippet:-1, max-image-preview:large, max-video-preview:-1\" \/>\n<link rel=\"canonical\" href=\"https:\/\/sbhotelslagarba.com\/es\/info\/programa\/\" \/>\n<meta property=\"og:locale\" content=\"es_ES\" \/>\n<meta property=\"og:type\" content=\"article\" \/>\n<meta property=\"og:title\" content=\"Programa - SB Hotels La Garba\" \/>\n<meta property=\"og:description\" content=\"Programa de SB Hotels La Garba.\" \/>\n<meta property=\"og:url\" content=\"https:\/\/sbhotelslagarba.com\/es\/info\/programa\/\" \/>\n<meta property=\"og:site_name\" content=\"SB Hotels La Garba\" \/>\n<meta property=\"article:modified_time\" content=\"2026-02-24T10:42:34+00:00\" \/>\n<meta property=\"og:image\" content=\"https:\/\/sbhotelslagarba.com\/wp-content\/uploads\/2024\/12\/programa.jpg\" \/>\n\t<meta property=\"og:image:width\" content=\"1920\" \/>\n\t<meta property=\"og:image:height\" content=\"1278\" \/>\n\t<meta property=\"og:image:type\" content=\"image\/jpeg\" \/>\n<meta name=\"twitter:card\" content=\"summary_large_image\" \/>\n<meta name=\"twitter:label1\" content=\"Tiempo de lectura\" \/>\n\t<meta name=\"twitter:data1\" content=\"1 minuto\" \/>\n<script type=\"application\/ld+json\" class=\"yoast-schema-graph\">{\"@context\":\"https:\\\/\\\/schema.org\",\"@graph\":[{\"@type\":\"WebPage\",\"@id\":\"https:\\\/\\\/sbhotelslagarba.com\\\/es\\\/info\\\/programa\\\/\",\"url\":\"https:\\\/\\\/sbhotelslagarba.com\\\/es\\\/info\\\/programa\\\/\",\"name\":\"Programa - SB Hotels La Garba\",\"isPartOf\":{\"@id\":\"https:\\\/\\\/sbhotelslagarba.com\\\/es\\\/#website\"},\"primaryImageOfPage\":{\"@id\":\"https:\\\/\\\/sbhotelslagarba.com\\\/es\\\/info\\\/programa\\\/#primaryimage\"},\"image\":{\"@id\":\"https:\\\/\\\/sbhotelslagarba.com\\\/es\\\/info\\\/programa\\\/#primaryimage\"},\"thumbnailUrl\":\"https:\\\/\\\/sbhotelslagarba.com\\\/wp-content\\\/uploads\\\/2024\\\/12\\\/programa.jpg\",\"datePublished\":\"2024-12-29T07:04:32+00:00\",\"dateModified\":\"2026-02-24T10:42:34+00:00\",\"description\":\"Programa de SB Hotels La Garba.\",\"breadcrumb\":{\"@id\":\"https:\\\/\\\/sbhotelslagarba.com\\\/es\\\/info\\\/programa\\\/#breadcrumb\"},\"inLanguage\":\"es\",\"potentialAction\":[{\"@type\":\"ReadAction\",\"target\":[\"https:\\\/\\\/sbhotelslagarba.com\\\/es\\\/info\\\/programa\\\/\"]}]},{\"@type\":\"ImageObject\",\"inLanguage\":\"es\",\"@id\":\"https:\\\/\\\/sbhotelslagarba.com\\\/es\\\/info\\\/programa\\\/#primaryimage\",\"url\":\"https:\\\/\\\/sbhotelslagarba.com\\\/wp-content\\\/uploads\\\/2024\\\/12\\\/programa.jpg\",\"contentUrl\":\"https:\\\/\\\/sbhotelslagarba.com\\\/wp-content\\\/uploads\\\/2024\\\/12\\\/programa.jpg\",\"width\":1920,\"height\":1278},{\"@type\":\"BreadcrumbList\",\"@id\":\"https:\\\/\\\/sbhotelslagarba.com\\\/es\\\/info\\\/programa\\\/#breadcrumb\",\"itemListElement\":[{\"@type\":\"ListItem\",\"position\":1,\"name\":\"Portada\",\"item\":\"https:\\\/\\\/sbhotelslagarba.com\\\/es\\\/la-garba\\\/\"},{\"@type\":\"ListItem\",\"position\":2,\"name\":\"Info\",\"item\":\"https:\\\/\\\/sbhotelslagarba.com\\\/es\\\/info\\\/\"},{\"@type\":\"ListItem\",\"position\":3,\"name\":\"Programa\"}]},{\"@type\":\"WebSite\",\"@id\":\"https:\\\/\\\/sbhotelslagarba.com\\\/es\\\/#website\",\"url\":\"https:\\\/\\\/sbhotelslagarba.com\\\/es\\\/\",\"name\":\"SB Hotels La Garba\",\"description\":\"Gravel\",\"publisher\":{\"@id\":\"https:\\\/\\\/sbhotelslagarba.com\\\/es\\\/#organization\"},\"potentialAction\":[{\"@type\":\"SearchAction\",\"target\":{\"@type\":\"EntryPoint\",\"urlTemplate\":\"https:\\\/\\\/sbhotelslagarba.com\\\/es\\\/?s={search_term_string}\"},\"query-input\":{\"@type\":\"PropertyValueSpecification\",\"valueRequired\":true,\"valueName\":\"search_term_string\"}}],\"inLanguage\":\"es\"},{\"@type\":\"Organization\",\"@id\":\"https:\\\/\\\/sbhotelslagarba.com\\\/es\\\/#organization\",\"name\":\"SB Hotels La Garba\",\"url\":\"https:\\\/\\\/sbhotelslagarba.com\\\/es\\\/\",\"logo\":{\"@type\":\"ImageObject\",\"inLanguage\":\"es\",\"@id\":\"https:\\\/\\\/sbhotelslagarba.com\\\/es\\\/#\\\/schema\\\/logo\\\/image\\\/\",\"url\":\"https:\\\/\\\/sbhotelslagarba.com\\\/wp-content\\\/uploads\\\/2024\\\/02\\\/logo-sbhotels-lagarba.svg\",\"contentUrl\":\"https:\\\/\\\/sbhotelslagarba.com\\\/wp-content\\\/uploads\\\/2024\\\/02\\\/logo-sbhotels-lagarba.svg\",\"caption\":\"SB Hotels La Garba\"},\"image\":{\"@id\":\"https:\\\/\\\/sbhotelslagarba.com\\\/es\\\/#\\\/schema\\\/logo\\\/image\\\/\"}}]}<\/script>\n<!-- \/ Yoast SEO plugin. -->","yoast_head_json":{"title":"Programa - SB Hotels La Garba","description":"Programa de SB Hotels La Garba.","robots":{"index":"index","follow":"follow","max-snippet":"max-snippet:-1","max-image-preview":"max-image-preview:large","max-video-preview":"max-video-preview:-1"},"canonical":"https:\/\/sbhotelslagarba.com\/es\/info\/programa\/","og_locale":"es_ES","og_type":"article","og_title":"Programa - SB Hotels La Garba","og_description":"Programa de SB Hotels La Garba.","og_url":"https:\/\/sbhotelslagarba.com\/es\/info\/programa\/","og_site_name":"SB Hotels La Garba","article_modified_time":"2026-02-24T10:42:34+00:00","og_image":[{"width":1920,"height":1278,"url":"https:\/\/sbhotelslagarba.com\/wp-content\/uploads\/2024\/12\/programa.jpg","type":"image\/jpeg"}],"twitter_card":"summary_large_image","twitter_misc":{"Tiempo de lectura":"1 minuto"},"schema":{"@context":"https:\/\/schema.org","@graph":[{"@type":"WebPage","@id":"https:\/\/sbhotelslagarba.com\/es\/info\/programa\/","url":"https:\/\/sbhotelslagarba.com\/es\/info\/programa\/","name":"Programa - SB Hotels La Garba","isPartOf":{"@id":"https:\/\/sbhotelslagarba.com\/es\/#website"},"primaryImageOfPage":{"@id":"https:\/\/sbhotelslagarba.com\/es\/info\/programa\/#primaryimage"},"image":{"@id":"https:\/\/sbhotelslagarba.com\/es\/info\/programa\/#primaryimage"},"thumbnailUrl":"https:\/\/sbhotelslagarba.com\/wp-content\/uploads\/2024\/12\/programa.jpg","datePublished":"2024-12-29T07:04:32+00:00","dateModified":"2026-02-24T10:42:34+00:00","description":"Programa de SB Hotels La Garba.","breadcrumb":{"@id":"https:\/\/sbhotelslagarba.com\/es\/info\/programa\/#breadcrumb"},"inLanguage":"es","potentialAction":[{"@type":"ReadAction","target":["https:\/\/sbhotelslagarba.com\/es\/info\/programa\/"]}]},{"@type":"ImageObject","inLanguage":"es","@id":"https:\/\/sbhotelslagarba.com\/es\/info\/programa\/#primaryimage","url":"https:\/\/sbhotelslagarba.com\/wp-content\/uploads\/2024\/12\/programa.jpg","contentUrl":"https:\/\/sbhotelslagarba.com\/wp-content\/uploads\/2024\/12\/programa.jpg","width":1920,"height":1278},{"@type":"BreadcrumbList","@id":"https:\/\/sbhotelslagarba.com\/es\/info\/programa\/#breadcrumb","itemListElement":[{"@type":"ListItem","position":1,"name":"Portada","item":"https:\/\/sbhotelslagarba.com\/es\/la-garba\/"},{"@type":"ListItem","position":2,"name":"Info","item":"https:\/\/sbhotelslagarba.com\/es\/info\/"},{"@type":"ListItem","position":3,"name":"Programa"}]},{"@type":"WebSite","@id":"https:\/\/sbhotelslagarba.com\/es\/#website","url":"https:\/\/sbhotelslagarba.com\/es\/","name":"SB Hotels La Garba","description":"Gravel","publisher":{"@id":"https:\/\/sbhotelslagarba.com\/es\/#organization"},"potentialAction":[{"@type":"SearchAction","target":{"@type":"EntryPoint","urlTemplate":"https:\/\/sbhotelslagarba.com\/es\/?s={search_term_string}"},"query-input":{"@type":"PropertyValueSpecification","valueRequired":true,"valueName":"search_term_string"}}],"inLanguage":"es"},{"@type":"Organization","@id":"https:\/\/sbhotelslagarba.com\/es\/#organization","name":"SB Hotels La Garba","url":"https:\/\/sbhotelslagarba.com\/es\/","logo":{"@type":"ImageObject","inLanguage":"es","@id":"https:\/\/sbhotelslagarba.com\/es\/#\/schema\/logo\/image\/","url":"https:\/\/sbhotelslagarba.com\/wp-content\/uploads\/2024\/02\/logo-sbhotels-lagarba.svg","contentUrl":"https:\/\/sbhotelslagarba.com\/wp-content\/uploads\/2024\/02\/logo-sbhotels-lagarba.svg","caption":"SB Hotels La Garba"},"image":{"@id":"https:\/\/sbhotelslagarba.com\/es\/#\/schema\/logo\/image\/"}}]}},"_links":{"self":[{"href":"https:\/\/sbhotelslagarba.com\/es\/wp-json\/wp\/v2\/pages\/5823","targetHints":{"allow":["GET"]}}],"collection":[{"href":"https:\/\/sbhotelslagarba.com\/es\/wp-json\/wp\/v2\/pages"}],"about":[{"href":"https:\/\/sbhotelslagarba.com\/es\/wp-json\/wp\/v2\/types\/page"}],"author":[{"embeddable":true,"href":"https:\/\/sbhotelslagarba.com\/es\/wp-json\/wp\/v2\/users\/1"}],"replies":[{"embeddable":true,"href":"https:\/\/sbhotelslagarba.com\/es\/wp-json\/wp\/v2\/comments?post=5823"}],"version-history":[{"count":8,"href":"https:\/\/sbhotelslagarba.com\/es\/wp-json\/wp\/v2\/pages\/5823\/revisions"}],"predecessor-version":[{"id":7235,"href":"https:\/\/sbhotelslagarba.com\/es\/wp-json\/wp\/v2\/pages\/5823\/revisions\/7235"}],"up":[{"embeddable":true,"href":"https:\/\/sbhotelslagarba.com\/es\/wp-json\/wp\/v2\/pages\/5820"}],"wp:featuredmedia":[{"embeddable":true,"href":"https:\/\/sbhotelslagarba.com\/es\/wp-json\/wp\/v2\/media\/5606"}],"wp:attachment":[{"href":"https:\/\/sbhotelslagarba.com\/es\/wp-json\/wp\/v2\/media?parent=5823"}],"curies":[{"name":"wp","href":"https:\/\/api.w.org\/{rel}","templated":true}]}}