{"id":5670,"date":"2024-12-30T07:55:27","date_gmt":"2024-12-30T06:55:27","guid":{"rendered":"https:\/\/sbhotelslagarba.com\/?page_id=5670"},"modified":"2025-04-17T00:18:09","modified_gmt":"2025-04-16T22:18:09","slug":"videos","status":"publish","type":"page","link":"https:\/\/sbhotelslagarba.com\/es\/media\/videos\/","title":{"rendered":"V\u00eddeos"},"content":{"rendered":"\t\t<div data-elementor-type=\"wp-page\" data-elementor-id=\"5670\" class=\"elementor elementor-5670 elementor-5669\" data-elementor-settings=\"{&quot;ha_cmc_init_switcher&quot;:&quot;no&quot;}\">\n\t\t\t\t\t\t<section class=\"elementor-section elementor-top-section elementor-element elementor-element-2ac5d05e elementor-section-height-full elementor-section-boxed elementor-section-height-default elementor-section-items-middle\" data-id=\"2ac5d05e\" data-element_type=\"section\" data-e-type=\"section\" data-settings=\"{&quot;background_background&quot;:&quot;classic&quot;,&quot;_ha_eqh_enable&quot;:false}\">\n\t\t\t\t\t\t\t<div class=\"elementor-background-overlay\"><\/div>\n\t\t\t\t\t\t\t<div class=\"elementor-container elementor-column-gap-default\">\n\t\t\t\t\t<div class=\"elementor-column elementor-col-100 elementor-top-column elementor-element elementor-element-36340ceb\" data-id=\"36340ceb\" data-element_type=\"column\" data-e-type=\"column\">\n\t\t\t<div class=\"elementor-widget-wrap elementor-element-populated\">\n\t\t\t\t\t\t<div class=\"elementor-element elementor-element-c6a5b25 premium-header-block premium-lq__none premium-box-lq__none elementor-invisible elementor-widget elementor-widget-premium-addon-dual-header\" data-id=\"c6a5b25\" data-element_type=\"widget\" data-e-type=\"widget\" data-settings=\"{&quot;_animation&quot;:&quot;bounceIn&quot;}\" data-widget_type=\"premium-addon-dual-header.default\">\n\t\t\t\t\t\n\t\t<div class=\"elementor-widget-container\">\n\t\t\t\t\t<h1 class=\"premium-dual-header-first-header \"><span class=\"premium-dual-header-first-span\">Media <\/span><span class=\"premium-dual-header-second-header \">V\u00eddeos<\/span><\/h1> \t\t\t\t<\/div>\n\n\t\t\t\t\t\t<\/div>\n\t\t\t\t\t<\/div>\n\t\t<\/div>\n\t\t\t\t\t<\/div>\n\t\t<\/section>\n\t\t\t\t<section class=\"elementor-section elementor-top-section elementor-element elementor-element-40177ae0 elementor-section-boxed elementor-section-height-default elementor-section-height-default\" data-id=\"40177ae0\" data-element_type=\"section\" data-e-type=\"section\" data-settings=\"{&quot;_ha_eqh_enable&quot;:false}\">\n\t\t\t\t\t\t<div class=\"elementor-container elementor-column-gap-default\">\n\t\t\t\t\t<div class=\"elementor-column elementor-col-100 elementor-top-column elementor-element elementor-element-48096891\" data-id=\"48096891\" data-element_type=\"column\" data-e-type=\"column\">\n\t\t\t<div class=\"elementor-widget-wrap elementor-element-populated\">\n\t\t\t\t\t\t<div class=\"elementor-element elementor-element-4d89b68 elementor-align-justify elementor-mobile-align-center elementor-invisible elementor-widget elementor-widget-button\" data-id=\"4d89b68\" data-element_type=\"widget\" data-e-type=\"widget\" data-settings=\"{&quot;_animation&quot;:&quot;zoomIn&quot;,&quot;_animation_delay&quot;:600}\" data-widget_type=\"button.default\">\n\t\t\t\t<div class=\"elementor-widget-container\">\n\t\t\t\t\t\t\t\t\t<div class=\"elementor-button-wrapper\">\n\t\t\t\t\t<a class=\"elementor-button elementor-button-link elementor-size-sm\" href=\"https:\/\/youtu.be\/H7daERcyhsQ\" target=\"_blank\">\n\t\t\t\t\t\t<span class=\"elementor-button-content-wrapper\">\n\t\t\t\t\t\t\t\t\t<span class=\"elementor-button-text\">Edici\u00f3n 2025<\/span>\n\t\t\t\t\t<\/span>\n\t\t\t\t\t<\/a>\n\t\t\t\t<\/div>\n\t\t\t\t\t\t\t\t<\/div>\n\t\t\t\t<\/div>\n\t\t\t\t<section class=\"elementor-section elementor-inner-section elementor-element elementor-element-f3c5a9e elementor-section-boxed elementor-section-height-default elementor-section-height-default\" data-id=\"f3c5a9e\" data-element_type=\"section\" data-e-type=\"section\" data-settings=\"{&quot;_ha_eqh_enable&quot;:false}\">\n\t\t\t\t\t\t<div class=\"elementor-container elementor-column-gap-default\">\n\t\t\t\t\t<div class=\"elementor-column elementor-col-33 elementor-inner-column elementor-element elementor-element-c0e6492\" data-id=\"c0e6492\" data-element_type=\"column\" data-e-type=\"column\">\n\t\t\t<div class=\"elementor-widget-wrap elementor-element-populated\">\n\t\t\t\t\t\t<div class=\"elementor-element elementor-element-29d4f1f elementor-align-justify elementor-mobile-align-center elementor-invisible elementor-widget elementor-widget-button\" data-id=\"29d4f1f\" data-element_type=\"widget\" data-e-type=\"widget\" data-settings=\"{&quot;_animation&quot;:&quot;zoomIn&quot;,&quot;_animation_delay&quot;:600}\" data-widget_type=\"button.default\">\n\t\t\t\t<div class=\"elementor-widget-container\">\n\t\t\t\t\t\t\t\t\t<div class=\"elementor-button-wrapper\">\n\t\t\t\t\t<a class=\"elementor-button elementor-button-link elementor-size-sm\" href=\"https:\/\/youtu.be\/_zTa1PLu924\" target=\"_blank\">\n\t\t\t\t\t\t<span class=\"elementor-button-content-wrapper\">\n\t\t\t\t\t\t\t\t\t<span class=\"elementor-button-text\">Edici\u00f3n 2024<\/span>\n\t\t\t\t\t<\/span>\n\t\t\t\t\t<\/a>\n\t\t\t\t<\/div>\n\t\t\t\t\t\t\t\t<\/div>\n\t\t\t\t<\/div>\n\t\t\t\t\t<\/div>\n\t\t<\/div>\n\t\t\t\t<div class=\"elementor-column elementor-col-33 elementor-inner-column elementor-element elementor-element-6e3d583\" data-id=\"6e3d583\" data-element_type=\"column\" data-e-type=\"column\">\n\t\t\t<div class=\"elementor-widget-wrap elementor-element-populated\">\n\t\t\t\t\t\t<div class=\"elementor-element elementor-element-8844192 elementor-align-justify elementor-mobile-align-center elementor-invisible elementor-widget elementor-widget-button\" data-id=\"8844192\" data-element_type=\"widget\" data-e-type=\"widget\" data-settings=\"{&quot;_animation&quot;:&quot;zoomIn&quot;,&quot;_animation_delay&quot;:600}\" data-widget_type=\"button.default\">\n\t\t\t\t<div class=\"elementor-widget-container\">\n\t\t\t\t\t\t\t\t\t<div class=\"elementor-button-wrapper\">\n\t\t\t\t\t<a class=\"elementor-button elementor-button-link elementor-size-sm\" href=\"https:\/\/youtu.be\/_zTa1PLu924\" target=\"_blank\">\n\t\t\t\t\t\t<span class=\"elementor-button-content-wrapper\">\n\t\t\t\t\t\t\t\t\t<span class=\"elementor-button-text\">Edici\u00f3n 2024<\/span>\n\t\t\t\t\t<\/span>\n\t\t\t\t\t<\/a>\n\t\t\t\t<\/div>\n\t\t\t\t\t\t\t\t<\/div>\n\t\t\t\t<\/div>\n\t\t\t\t\t<\/div>\n\t\t<\/div>\n\t\t\t\t<div class=\"elementor-column elementor-col-33 elementor-inner-column elementor-element elementor-element-0883d4e\" data-id=\"0883d4e\" data-element_type=\"column\" data-e-type=\"column\">\n\t\t\t<div class=\"elementor-widget-wrap elementor-element-populated\">\n\t\t\t\t\t\t<div class=\"elementor-element elementor-element-7694369 elementor-align-justify elementor-mobile-align-center elementor-invisible elementor-widget elementor-widget-button\" data-id=\"7694369\" data-element_type=\"widget\" data-e-type=\"widget\" data-settings=\"{&quot;_animation&quot;:&quot;zoomIn&quot;,&quot;_animation_delay&quot;:600}\" data-widget_type=\"button.default\">\n\t\t\t\t<div class=\"elementor-widget-container\">\n\t\t\t\t\t\t\t\t\t<div class=\"elementor-button-wrapper\">\n\t\t\t\t\t<a class=\"elementor-button elementor-button-link elementor-size-sm\" href=\"https:\/\/www.ccma.cat\/tv3\/alacarta\/temps-aventura\/competicio-la-garba-gravel\/video\/6215928\/\" target=\"_blank\">\n\t\t\t\t\t\t<span class=\"elementor-button-content-wrapper\">\n\t\t\t\t\t\t\t\t\t<span class=\"elementor-button-text\">Reportaje TV3 2023<\/span>\n\t\t\t\t\t<\/span>\n\t\t\t\t\t<\/a>\n\t\t\t\t<\/div>\n\t\t\t\t\t\t\t\t<\/div>\n\t\t\t\t<\/div>\n\t\t\t\t\t<\/div>\n\t\t<\/div>\n\t\t\t\t\t<\/div>\n\t\t<\/section>\n\t\t\t\t<section class=\"elementor-section elementor-inner-section elementor-element elementor-element-9a3e116 elementor-section-boxed elementor-section-height-default elementor-section-height-default\" data-id=\"9a3e116\" data-element_type=\"section\" data-e-type=\"section\" data-settings=\"{&quot;_ha_eqh_enable&quot;:false}\">\n\t\t\t\t\t\t<div class=\"elementor-container elementor-column-gap-default\">\n\t\t\t\t\t<div class=\"elementor-column elementor-col-33 elementor-inner-column elementor-element elementor-element-02e80a9\" data-id=\"02e80a9\" data-element_type=\"column\" data-e-type=\"column\">\n\t\t\t<div class=\"elementor-widget-wrap elementor-element-populated\">\n\t\t\t\t\t\t<div class=\"elementor-element elementor-element-90624a1 elementor-align-justify elementor-mobile-align-center elementor-invisible elementor-widget elementor-widget-button\" data-id=\"90624a1\" data-element_type=\"widget\" data-e-type=\"widget\" data-settings=\"{&quot;_animation&quot;:&quot;zoomIn&quot;,&quot;_animation_delay&quot;:600}\" data-widget_type=\"button.default\">\n\t\t\t\t<div class=\"elementor-widget-container\">\n\t\t\t\t\t\t\t\t\t<div class=\"elementor-button-wrapper\">\n\t\t\t\t\t<a class=\"elementor-button elementor-button-link elementor-size-sm\" href=\"https:\/\/www.rtve.es\/play\/videos\/evasion\/evasion-programa-7\/6874671\/\" target=\"_blank\">\n\t\t\t\t\t\t<span class=\"elementor-button-content-wrapper\">\n\t\t\t\t\t\t\t\t\t<span class=\"elementor-button-text\">Reportaje TVE 2023<\/span>\n\t\t\t\t\t<\/span>\n\t\t\t\t\t<\/a>\n\t\t\t\t<\/div>\n\t\t\t\t\t\t\t\t<\/div>\n\t\t\t\t<\/div>\n\t\t\t\t\t<\/div>\n\t\t<\/div>\n\t\t\t\t<div class=\"elementor-column elementor-col-33 elementor-inner-column elementor-element elementor-element-39e3635\" data-id=\"39e3635\" data-element_type=\"column\" data-e-type=\"column\">\n\t\t\t<div class=\"elementor-widget-wrap elementor-element-populated\">\n\t\t\t\t\t\t<div class=\"elementor-element elementor-element-ef20048 elementor-align-justify elementor-mobile-align-center elementor-invisible elementor-widget elementor-widget-button\" data-id=\"ef20048\" data-element_type=\"widget\" data-e-type=\"widget\" data-settings=\"{&quot;_animation&quot;:&quot;zoomIn&quot;,&quot;_animation_delay&quot;:600}\" data-widget_type=\"button.default\">\n\t\t\t\t<div class=\"elementor-widget-container\">\n\t\t\t\t\t\t\t\t\t<div class=\"elementor-button-wrapper\">\n\t\t\t\t\t<a class=\"elementor-button elementor-button-link elementor-size-sm\" href=\"https:\/\/youtu.be\/Q3AJOjQ2Qmo\" target=\"_blank\">\n\t\t\t\t\t\t<span class=\"elementor-button-content-wrapper\">\n\t\t\t\t\t\t\t\t\t<span class=\"elementor-button-text\">Edici\u00f3n 2022<\/span>\n\t\t\t\t\t<\/span>\n\t\t\t\t\t<\/a>\n\t\t\t\t<\/div>\n\t\t\t\t\t\t\t\t<\/div>\n\t\t\t\t<\/div>\n\t\t\t\t\t<\/div>\n\t\t<\/div>\n\t\t\t\t<div class=\"elementor-column elementor-col-33 elementor-inner-column elementor-element elementor-element-3c58bfd\" data-id=\"3c58bfd\" data-element_type=\"column\" data-e-type=\"column\">\n\t\t\t<div class=\"elementor-widget-wrap elementor-element-populated\">\n\t\t\t\t\t\t<div class=\"elementor-element elementor-element-129cb58 elementor-align-justify elementor-mobile-align-center elementor-invisible elementor-widget elementor-widget-button\" data-id=\"129cb58\" data-element_type=\"widget\" data-e-type=\"widget\" data-settings=\"{&quot;_animation&quot;:&quot;zoomIn&quot;,&quot;_animation_delay&quot;:600}\" data-widget_type=\"button.default\">\n\t\t\t\t<div class=\"elementor-widget-container\">\n\t\t\t\t\t\t\t\t\t<div class=\"elementor-button-wrapper\">\n\t\t\t\t\t<a class=\"elementor-button elementor-button-link elementor-size-sm\" href=\"https:\/\/youtu.be\/muObdcLA73Q\" target=\"_blank\">\n\t\t\t\t\t\t<span class=\"elementor-button-content-wrapper\">\n\t\t\t\t\t\t\t\t\t<span class=\"elementor-button-text\">Edici\u00f3n 2021<\/span>\n\t\t\t\t\t<\/span>\n\t\t\t\t\t<\/a>\n\t\t\t\t<\/div>\n\t\t\t\t\t\t\t\t<\/div>\n\t\t\t\t<\/div>\n\t\t\t\t\t<\/div>\n\t\t<\/div>\n\t\t\t\t\t<\/div>\n\t\t<\/section>\n\t\t\t\t\t<\/div>\n\t\t<\/div>\n\t\t\t\t\t<\/div>\n\t\t<\/section>\n\t\t\t\t<\/div>\n\t\t","protected":false},"excerpt":{"rendered":"<p>Media V\u00eddeos Edici\u00f3n 2025 Edici\u00f3n 2024 Edici\u00f3n 2024 Reportaje TV3 2023 Reportaje TVE 2023 Edici\u00f3n 2022 Edici\u00f3n 2021<\/p>\n","protected":false},"author":1,"featured_media":5410,"parent":5852,"menu_order":2,"comment_status":"closed","ping_status":"closed","template":"","meta":{"_monsterinsights_skip_tracking":false,"_monsterinsights_sitenote_active":false,"_monsterinsights_sitenote_note":"","_monsterinsights_sitenote_category":0,"site-sidebar-layout":"no-sidebar","site-content-layout":"page-builder","ast-site-content-layout":"full-width-container","site-content-style":"unboxed","site-sidebar-style":"unboxed","ast-global-header-display":"","ast-banner-title-visibility":"","ast-main-header-display":"","ast-hfb-above-header-display":"","ast-hfb-below-header-display":"","ast-hfb-mobile-header-display":"","site-post-title":"disabled","ast-breadcrumbs-content":"","ast-featured-img":"","footer-sml-layout":"","ast-disable-related-posts":"","theme-transparent-header-meta":"enabled","adv-header-id-meta":"","stick-header-meta":"","header-above-stick-meta":"","header-main-stick-meta":"","header-below-stick-meta":"","astra-migrate-meta-layouts":"default","ast-page-background-enabled":"default","ast-page-background-meta":{"desktop":{"background-color":"","background-image":"","background-repeat":"repeat","background-position":"center center","background-size":"auto","background-attachment":"scroll","background-type":"","background-media":"","overlay-type":"","overlay-color":"","overlay-opacity":"","overlay-gradient":""},"tablet":{"background-color":"","background-image":"","background-repeat":"repeat","background-position":"center center","background-size":"auto","background-attachment":"scroll","background-type":"","background-media":"","overlay-type":"","overlay-color":"","overlay-opacity":"","overlay-gradient":""},"mobile":{"background-color":"","background-image":"","background-repeat":"repeat","background-position":"center center","background-size":"auto","background-attachment":"scroll","background-type":"","background-media":"","overlay-type":"","overlay-color":"","overlay-opacity":"","overlay-gradient":""}},"ast-content-background-meta":{"desktop":{"background-color":"var(--ast-global-color-5)","background-image":"","background-repeat":"repeat","background-position":"center center","background-size":"auto","background-attachment":"scroll","background-type":"","background-media":"","overlay-type":"","overlay-color":"","overlay-opacity":"","overlay-gradient":""},"tablet":{"background-color":"var(--ast-global-color-5)","background-image":"","background-repeat":"repeat","background-position":"center center","background-size":"auto","background-attachment":"scroll","background-type":"","background-media":"","overlay-type":"","overlay-color":"","overlay-opacity":"","overlay-gradient":""},"mobile":{"background-color":"var(--ast-global-color-5)","background-image":"","background-repeat":"repeat","background-position":"center center","background-size":"auto","background-attachment":"scroll","background-type":"","background-media":"","overlay-type":"","overlay-color":"","overlay-opacity":"","overlay-gradient":""}},"footnotes":""},"class_list":["post-5670","page","type-page","status-publish","has-post-thumbnail","hentry"],"yoast_head":"<!-- This site is optimized with the Yoast SEO plugin v27.2 - https:\/\/yoast.com\/product\/yoast-seo-wordpress\/ -->\n<title>V\u00eddeos - SB Hotels La Garba<\/title>\n<meta name=\"description\" content=\"V\u00eddeos de la SB Hotels La Garba.\" \/>\n<meta name=\"robots\" content=\"index, follow, max-snippet:-1, max-image-preview:large, max-video-preview:-1\" \/>\n<link rel=\"canonical\" href=\"https:\/\/sbhotelslagarba.com\/es\/media\/videos\/\" \/>\n<meta property=\"og:locale\" content=\"es_ES\" \/>\n<meta property=\"og:type\" content=\"article\" \/>\n<meta property=\"og:title\" content=\"V\u00eddeos - SB Hotels La Garba\" \/>\n<meta property=\"og:description\" content=\"V\u00eddeos de la SB Hotels La Garba.\" \/>\n<meta property=\"og:url\" content=\"https:\/\/sbhotelslagarba.com\/es\/media\/videos\/\" \/>\n<meta property=\"og:site_name\" content=\"SB Hotels La Garba\" \/>\n<meta property=\"article:modified_time\" content=\"2025-04-16T22:18:09+00:00\" \/>\n<meta property=\"og:image\" content=\"https:\/\/sbhotelslagarba.com\/wp-content\/uploads\/2024\/12\/Lo-Cabrit-01.jpg\" \/>\n\t<meta property=\"og:image:width\" content=\"1920\" \/>\n\t<meta property=\"og:image:height\" content=\"1280\" \/>\n\t<meta property=\"og:image:type\" content=\"image\/jpeg\" \/>\n<meta name=\"twitter:card\" content=\"summary_large_image\" \/>\n<meta name=\"twitter:label1\" content=\"Tiempo de lectura\" \/>\n\t<meta name=\"twitter:data1\" content=\"1 minuto\" \/>\n<script type=\"application\/ld+json\" class=\"yoast-schema-graph\">{\"@context\":\"https:\/\/schema.org\",\"@graph\":[{\"@type\":\"WebPage\",\"@id\":\"https:\/\/sbhotelslagarba.com\/es\/media\/videos\/\",\"url\":\"https:\/\/sbhotelslagarba.com\/es\/media\/videos\/\",\"name\":\"V\u00eddeos - SB Hotels La Garba\",\"isPartOf\":{\"@id\":\"https:\/\/sbhotelslagarba.com\/es\/#website\"},\"primaryImageOfPage\":{\"@id\":\"https:\/\/sbhotelslagarba.com\/es\/media\/videos\/#primaryimage\"},\"image\":{\"@id\":\"https:\/\/sbhotelslagarba.com\/es\/media\/videos\/#primaryimage\"},\"thumbnailUrl\":\"https:\/\/sbhotelslagarba.com\/wp-content\/uploads\/2024\/12\/Lo-Cabrit-01.jpg\",\"datePublished\":\"2024-12-30T06:55:27+00:00\",\"dateModified\":\"2025-04-16T22:18:09+00:00\",\"description\":\"V\u00eddeos de la SB Hotels La Garba.\",\"breadcrumb\":{\"@id\":\"https:\/\/sbhotelslagarba.com\/es\/media\/videos\/#breadcrumb\"},\"inLanguage\":\"es\",\"potentialAction\":[{\"@type\":\"ReadAction\",\"target\":[\"https:\/\/sbhotelslagarba.com\/es\/media\/videos\/\"]}]},{\"@type\":\"ImageObject\",\"inLanguage\":\"es\",\"@id\":\"https:\/\/sbhotelslagarba.com\/es\/media\/videos\/#primaryimage\",\"url\":\"https:\/\/sbhotelslagarba.com\/wp-content\/uploads\/2024\/12\/Lo-Cabrit-01.jpg\",\"contentUrl\":\"https:\/\/sbhotelslagarba.com\/wp-content\/uploads\/2024\/12\/Lo-Cabrit-01.jpg\",\"width\":1920,\"height\":1280},{\"@type\":\"BreadcrumbList\",\"@id\":\"https:\/\/sbhotelslagarba.com\/es\/media\/videos\/#breadcrumb\",\"itemListElement\":[{\"@type\":\"ListItem\",\"position\":1,\"name\":\"Portada\",\"item\":\"https:\/\/sbhotelslagarba.com\/es\/la-garba\/\"},{\"@type\":\"ListItem\",\"position\":2,\"name\":\"Media\",\"item\":\"https:\/\/sbhotelslagarba.com\/es\/media\/\"},{\"@type\":\"ListItem\",\"position\":3,\"name\":\"V\u00eddeos\"}]},{\"@type\":\"WebSite\",\"@id\":\"https:\/\/sbhotelslagarba.com\/es\/#website\",\"url\":\"https:\/\/sbhotelslagarba.com\/es\/\",\"name\":\"SB Hotels La Garba\",\"description\":\"Gravel\",\"publisher\":{\"@id\":\"https:\/\/sbhotelslagarba.com\/es\/#organization\"},\"potentialAction\":[{\"@type\":\"SearchAction\",\"target\":{\"@type\":\"EntryPoint\",\"urlTemplate\":\"https:\/\/sbhotelslagarba.com\/es\/?s={search_term_string}\"},\"query-input\":{\"@type\":\"PropertyValueSpecification\",\"valueRequired\":true,\"valueName\":\"search_term_string\"}}],\"inLanguage\":\"es\"},{\"@type\":\"Organization\",\"@id\":\"https:\/\/sbhotelslagarba.com\/es\/#organization\",\"name\":\"SB Hotels La Garba\",\"url\":\"https:\/\/sbhotelslagarba.com\/es\/\",\"logo\":{\"@type\":\"ImageObject\",\"inLanguage\":\"es\",\"@id\":\"https:\/\/sbhotelslagarba.com\/es\/#\/schema\/logo\/image\/\",\"url\":\"https:\/\/sbhotelslagarba.com\/wp-content\/uploads\/2024\/02\/logo-sbhotels-lagarba.svg\",\"contentUrl\":\"https:\/\/sbhotelslagarba.com\/wp-content\/uploads\/2024\/02\/logo-sbhotels-lagarba.svg\",\"caption\":\"SB Hotels La Garba\"},\"image\":{\"@id\":\"https:\/\/sbhotelslagarba.com\/es\/#\/schema\/logo\/image\/\"}}]}<\/script>\n<!-- \/ Yoast SEO plugin. -->","yoast_head_json":{"title":"V\u00eddeos - SB Hotels La Garba","description":"V\u00eddeos de la SB Hotels La Garba.","robots":{"index":"index","follow":"follow","max-snippet":"max-snippet:-1","max-image-preview":"max-image-preview:large","max-video-preview":"max-video-preview:-1"},"canonical":"https:\/\/sbhotelslagarba.com\/es\/media\/videos\/","og_locale":"es_ES","og_type":"article","og_title":"V\u00eddeos - SB Hotels La Garba","og_description":"V\u00eddeos de la SB Hotels La Garba.","og_url":"https:\/\/sbhotelslagarba.com\/es\/media\/videos\/","og_site_name":"SB Hotels La Garba","article_modified_time":"2025-04-16T22:18:09+00:00","og_image":[{"width":1920,"height":1280,"url":"https:\/\/sbhotelslagarba.com\/wp-content\/uploads\/2024\/12\/Lo-Cabrit-01.jpg","type":"image\/jpeg"}],"twitter_card":"summary_large_image","twitter_misc":{"Tiempo de lectura":"1 minuto"},"schema":{"@context":"https:\/\/schema.org","@graph":[{"@type":"WebPage","@id":"https:\/\/sbhotelslagarba.com\/es\/media\/videos\/","url":"https:\/\/sbhotelslagarba.com\/es\/media\/videos\/","name":"V\u00eddeos - SB Hotels La Garba","isPartOf":{"@id":"https:\/\/sbhotelslagarba.com\/es\/#website"},"primaryImageOfPage":{"@id":"https:\/\/sbhotelslagarba.com\/es\/media\/videos\/#primaryimage"},"image":{"@id":"https:\/\/sbhotelslagarba.com\/es\/media\/videos\/#primaryimage"},"thumbnailUrl":"https:\/\/sbhotelslagarba.com\/wp-content\/uploads\/2024\/12\/Lo-Cabrit-01.jpg","datePublished":"2024-12-30T06:55:27+00:00","dateModified":"2025-04-16T22:18:09+00:00","description":"V\u00eddeos de la SB Hotels La Garba.","breadcrumb":{"@id":"https:\/\/sbhotelslagarba.com\/es\/media\/videos\/#breadcrumb"},"inLanguage":"es","potentialAction":[{"@type":"ReadAction","target":["https:\/\/sbhotelslagarba.com\/es\/media\/videos\/"]}]},{"@type":"ImageObject","inLanguage":"es","@id":"https:\/\/sbhotelslagarba.com\/es\/media\/videos\/#primaryimage","url":"https:\/\/sbhotelslagarba.com\/wp-content\/uploads\/2024\/12\/Lo-Cabrit-01.jpg","contentUrl":"https:\/\/sbhotelslagarba.com\/wp-content\/uploads\/2024\/12\/Lo-Cabrit-01.jpg","width":1920,"height":1280},{"@type":"BreadcrumbList","@id":"https:\/\/sbhotelslagarba.com\/es\/media\/videos\/#breadcrumb","itemListElement":[{"@type":"ListItem","position":1,"name":"Portada","item":"https:\/\/sbhotelslagarba.com\/es\/la-garba\/"},{"@type":"ListItem","position":2,"name":"Media","item":"https:\/\/sbhotelslagarba.com\/es\/media\/"},{"@type":"ListItem","position":3,"name":"V\u00eddeos"}]},{"@type":"WebSite","@id":"https:\/\/sbhotelslagarba.com\/es\/#website","url":"https:\/\/sbhotelslagarba.com\/es\/","name":"SB Hotels La Garba","description":"Gravel","publisher":{"@id":"https:\/\/sbhotelslagarba.com\/es\/#organization"},"potentialAction":[{"@type":"SearchAction","target":{"@type":"EntryPoint","urlTemplate":"https:\/\/sbhotelslagarba.com\/es\/?s={search_term_string}"},"query-input":{"@type":"PropertyValueSpecification","valueRequired":true,"valueName":"search_term_string"}}],"inLanguage":"es"},{"@type":"Organization","@id":"https:\/\/sbhotelslagarba.com\/es\/#organization","name":"SB Hotels La Garba","url":"https:\/\/sbhotelslagarba.com\/es\/","logo":{"@type":"ImageObject","inLanguage":"es","@id":"https:\/\/sbhotelslagarba.com\/es\/#\/schema\/logo\/image\/","url":"https:\/\/sbhotelslagarba.com\/wp-content\/uploads\/2024\/02\/logo-sbhotels-lagarba.svg","contentUrl":"https:\/\/sbhotelslagarba.com\/wp-content\/uploads\/2024\/02\/logo-sbhotels-lagarba.svg","caption":"SB Hotels La Garba"},"image":{"@id":"https:\/\/sbhotelslagarba.com\/es\/#\/schema\/logo\/image\/"}}]}},"_links":{"self":[{"href":"https:\/\/sbhotelslagarba.com\/es\/wp-json\/wp\/v2\/pages\/5670","targetHints":{"allow":["GET"]}}],"collection":[{"href":"https:\/\/sbhotelslagarba.com\/es\/wp-json\/wp\/v2\/pages"}],"about":[{"href":"https:\/\/sbhotelslagarba.com\/es\/wp-json\/wp\/v2\/types\/page"}],"author":[{"embeddable":true,"href":"https:\/\/sbhotelslagarba.com\/es\/wp-json\/wp\/v2\/users\/1"}],"replies":[{"embeddable":true,"href":"https:\/\/sbhotelslagarba.com\/es\/wp-json\/wp\/v2\/comments?post=5670"}],"version-history":[{"count":4,"href":"https:\/\/sbhotelslagarba.com\/es\/wp-json\/wp\/v2\/pages\/5670\/revisions"}],"predecessor-version":[{"id":6768,"href":"https:\/\/sbhotelslagarba.com\/es\/wp-json\/wp\/v2\/pages\/5670\/revisions\/6768"}],"up":[{"embeddable":true,"href":"https:\/\/sbhotelslagarba.com\/es\/wp-json\/wp\/v2\/pages\/5852"}],"wp:featuredmedia":[{"embeddable":true,"href":"https:\/\/sbhotelslagarba.com\/es\/wp-json\/wp\/v2\/media\/5410"}],"wp:attachment":[{"href":"https:\/\/sbhotelslagarba.com\/es\/wp-json\/wp\/v2\/media?parent=5670"}],"curies":[{"name":"wp","href":"https:\/\/api.w.org\/{rel}","templated":true}]}}