{"id":1000,"date":"2022-02-02T17:16:29","date_gmt":"2022-02-02T16:16:29","guid":{"rendered":"https:\/\/lagarba.com\/reglamento\/"},"modified":"2025-11-17T16:19:47","modified_gmt":"2025-11-17T15:19:47","slug":"reglamento","status":"publish","type":"page","link":"https:\/\/sbhotelslagarba.com\/es\/info\/reglamento\/","title":{"rendered":"Reglamento"},"content":{"rendered":"\t\t<div data-elementor-type=\"wp-page\" data-elementor-id=\"1000\" class=\"elementor elementor-1000 elementor-519\" data-elementor-settings=\"{&quot;ha_cmc_init_switcher&quot;:&quot;no&quot;}\">\n\t\t\t\t\t\t<section class=\"elementor-section elementor-top-section elementor-element elementor-element-9baaed1 elementor-section-height-full elementor-section-boxed elementor-section-height-default elementor-section-items-middle\" data-id=\"9baaed1\" data-element_type=\"section\" data-e-type=\"section\" data-settings=\"{&quot;background_background&quot;:&quot;classic&quot;,&quot;_ha_eqh_enable&quot;:false}\">\n\t\t\t\t\t\t\t<div class=\"elementor-background-overlay\"><\/div>\n\t\t\t\t\t\t\t<div class=\"elementor-container elementor-column-gap-default\">\n\t\t\t\t\t<div class=\"elementor-column elementor-col-100 elementor-top-column elementor-element elementor-element-59ced5bd\" data-id=\"59ced5bd\" data-element_type=\"column\" data-e-type=\"column\">\n\t\t\t<div class=\"elementor-widget-wrap elementor-element-populated\">\n\t\t\t\t\t\t<div class=\"elementor-element elementor-element-e89ce32 premium-header-block premium-lq__none premium-box-lq__none elementor-invisible elementor-widget elementor-widget-premium-addon-dual-header\" data-id=\"e89ce32\" data-element_type=\"widget\" data-e-type=\"widget\" data-settings=\"{&quot;_animation&quot;:&quot;bounceIn&quot;}\" data-widget_type=\"premium-addon-dual-header.default\">\n\t\t\t\t\t\n\t\t<div class=\"elementor-widget-container\">\n\t\t\t\t\t<h1 class=\"premium-dual-header-first-header \"><span class=\"premium-dual-header-first-span\">Info <\/span><span class=\"premium-dual-header-second-header \">Reglamento<\/span><\/h1> \t\t\t\t<\/div>\n\n\t\t\t\t\t\t<\/div>\n\t\t\t\t\t<\/div>\n\t\t<\/div>\n\t\t\t\t\t<\/div>\n\t\t<\/section>\n\t\t\t\t<section class=\"elementor-section elementor-top-section elementor-element elementor-element-40177ae0 elementor-section-boxed elementor-section-height-default elementor-section-height-default\" data-id=\"40177ae0\" data-element_type=\"section\" data-e-type=\"section\" data-settings=\"{&quot;_ha_eqh_enable&quot;:false}\">\n\t\t\t\t\t\t<div class=\"elementor-container elementor-column-gap-default\">\n\t\t\t\t\t<div class=\"elementor-column elementor-col-100 elementor-top-column elementor-element elementor-element-48096891\" data-id=\"48096891\" data-element_type=\"column\" data-e-type=\"column\">\n\t\t\t<div class=\"elementor-widget-wrap elementor-element-populated\">\n\t\t\t\t\t\t<div class=\"elementor-element elementor-element-156b724 elementor-invisible elementor-widget elementor-widget-text-editor\" data-id=\"156b724\" data-element_type=\"widget\" data-e-type=\"widget\" data-settings=\"{&quot;_animation&quot;:&quot;zoomIn&quot;,&quot;_animation_delay&quot;:800}\" data-widget_type=\"text-editor.default\">\n\t\t\t\t<div class=\"elementor-widget-container\">\n\t\t\t\t\t\t\t\t\t<ol>\n<li>La Club Esportiu La Garba organiza La Garba, ruta cicloturista no competitiva. La salida y la llegada ser\u00e1 en L&#8217;Ampolla (Delta del Ebro).<\/li>\n<li>La prueba cuenta con diferentes distancias, aproximadamente:\n<ul>\n<li>Lo Voltor 500km +8.500m<\/li>\n<li>Lo Flamenc 350km +6.300m<\/li>\n<li>La Cabra 200km +3.200m<\/li>\n<li>Lo Cabrit 130km +1.600m<\/li>\n<li>La Garba 120km +100m<\/li>\n<li>Lo Manoll 80km +80m<\/li>\n<\/ul>\n<\/li>\n<li>El recorrido no estar\u00e1 se\u00f1alizado f\u00edsicamente y los participantes seguir\u00e1n el mismo a trav\u00e9s del track que facilitar\u00e1 la organizaci\u00f3n. La ruta ser\u00e1 sorpresa hasta unos d\u00edas antes del evento, los tracks se enviar\u00e1n a los inscritos v\u00eda correo electr\u00f3nico. <\/li>\n<li>Habr\u00e1 distintos puntos de avituallamiento durante la ruta.<\/li>\n<li>Los inscritos podr\u00e1n recoger la bolsa del pasillo y el dorsal, en los horarios establecidos por la organizaci\u00f3n en el apartado correspondiente de la web. Debe presentarse el DNI, o mostrar la fotocopia del mismo en el caso de recoger el de otra persona inscrita. <\/li>\n<li>El recorrido est\u00e1 abierto al tr\u00e1fico en todo momento, el participante debe respetar el vigente Reglamento General de Circulaci\u00f3n.<\/li>\n<li>La ruta es apta para bici gravel o btt. Est\u00e1 permitido participar con bicicletas el\u00e9ctricas. <\/li>\n<li><span style=\"font-style: inherit; color: var(--ast-global-color-8);\">La <\/span>inscripci\u00f3n<span style=\"font-style: inherit; color: var(--ast-global-color-8);\"> en cualquier modalidad de la prueba es personal e intransferible, y supone la aceptaci\u00f3n de todos los art\u00edculos del presente reglamento, as\u00ed como de las condiciones de compra. Las inscripciones se cerrar\u00e1n cuando se llegue al l\u00edmite establecido por la organizaci\u00f3n, o el jueves antes de la prueba.&nbsp;<\/span><\/li>\n<li><span style=\"font-style: inherit; color: var(--ast-global-color-8);\">Seguro de cancelaci\u00f3n: En caso de anulaci\u00f3n, la organizaci\u00f3n s\u00f3lo devolver\u00e1 el importe de la inscripci\u00f3n si el participante afectado realiz\u00f3 el pago de seguro de devoluci\u00f3n a la hora de realizar la inscripci\u00f3n, que se establece en 10\u20ac y que quedar\u00e1n depositados por los gastos ocasionados. Esta devoluci\u00f3n s\u00f3lo se realizar\u00e1 hasta 15 d\u00edas antes del inicio de la prueba. Despu\u00e9s de esa fecha no se reembolsar\u00e1 ninguna inscripci\u00f3n.  <\/span><\/li>\n<li>La organizaci\u00f3n dispone de un seguro de responsabilidad civil seg\u00fan la legislaci\u00f3n vigente&nbsp;Todos los participantes dispondr\u00e1n de un seguro de accidentes contratado por la organizaci\u00f3n. Este seguro cubrir\u00e1 los siguientes puntos:<br>&#8211; Asistencia sanitaria de forma ilimitada para accidentes deportivos en territorio espa\u00f1ol.<br>&#8211; Invalidez seg\u00fan baremo por accidente deportivo de hasta 12.000 \u20ac.<br>&#8211; Muerte por accidente deportivo hasta 6.000\u20ac<br>La notificaci\u00f3n del accidente deportivo debe ser comunicada el mismo d\u00eda del evento deportivo. La cobertura de la asistencia sanitaria o m\u00e9dico-quir\u00fargica \u00fanicamente ser\u00e1 en los centros asistenciales concertados por el seguro.<\/li>\n<li>Los participantes de la prueba por el hecho de inscribir dan su consentimiento para que Club Esportiu La Garba, por s\u00ed mismo o mediante terceras entidades, especialmente SB HOTELS SPAIN&nbsp; S.L., trate autom\u00e1ticamente y con finalidad exclusivamente deportiva, promocional o comercial, las sus datos de car\u00e1cter personal.&nbsp;Para renunciar a esta cesi\u00f3n, el participante deber\u00e1 expresarlo en el formulario de inscripci\u00f3n en el momento de inscribirse.&nbsp;De acuerdo con lo que establece la Ley Org\u00e1nica 3\/2018, de 5 de diciembre, de Protecci\u00f3n de Datos de Car\u00e1cter Personal y Garant\u00eda de los Derechos Digitales (LOPDGDD) y el Reglamento General de Protecci\u00f3n de Datos (UE) 2016\/679 del Parlamento Europeo y del Consejo de 27 de abril de 2016, relativo a la protecci\u00f3n de las personas f\u00edsicas, han puesto en pr\u00e1ctica aquellas pol\u00edticas, medios y procedimientos t\u00e9cnicos y organizativos para garantizar y proteger la confidencialidad, integridad y disponibilidad de los datos de car\u00e1cter personal de sus usuarios. El participante tiene el derecho de acceder a estos archivos con el objeto de rectificar o cancelar de forma total o parcial su contenido.&nbsp;Para ello, debe solicitar por escrito enviando un correo electr\u00f3nico a info@lagarba.com<\/li>\n<li>La organizaci\u00f3n no se hace responsable de los perjuicios por da\u00f1os f\u00edsicos, morales y\/o materiales que puedan afectar a los participantes y\/o espectadores durante la ruta culturista, aunque velar\u00e1 por evitarlos.<\/li>\n<li>El participante realiza la prueba bajo su absoluta responsabilidad.&nbsp;Asimismo, manifiesta que tiene una condici\u00f3n f\u00edsica \u00f3ptima para el desarrollo de la prueba y que no padece ninguna enfermedad que pueda poner en riesgo su integridad f\u00edsica. &nbsp;El participante reconoce que ha sido informado por parte de la organizaci\u00f3n de todas las caracter\u00edsticas de la actividad (f\u00edsicas, psicol\u00f3gicas, material, sitio, etc.) y la realiza en pleno conocimiento de las mismas, asimismo reconoce que la actividad realizar puede suponer un alto requerimiento f\u00edsico y puede tener consecuencias imprevisibles para la salud.<\/li>\n<li>El participante exime, en cualquier caso, a la organizaci\u00f3n de las reclamaciones o demandas por los accidentes o enfermedades que puedan contraer o agravar durante la prueba, por acciones u omisiones, por da\u00f1os personales o materiales, y, sin car\u00e1cter limitativo, por robo, hurto o deterioro de material que pueda producirse por actos propios, por parte de otros participantes, o incluso durante el desarrollo de la actividad.<\/li>\n<li>En ning\u00fan caso se devolver\u00e1 el dinero de la inscripci\u00f3n&nbsp;, salvo que la prueba se suspenda por decisi\u00f3n de la organizaci\u00f3n, por causas imputables a la misma y\/o por motivos relacionados con la pandemia Coronavirus.&nbsp;En los casos descritos anteriormente, se realizar\u00e1 la devoluci\u00f3n del precio de la inscripci\u00f3n menos 5\u20ac del coste de gesti\u00f3n.<\/li>\n<li>Ante inclemencias climatol\u00f3gicas extraordinarias o causas de fuerza mayor no atribuibles a la organizaci\u00f3n y que imposibiliten la celebraci\u00f3n de la carrera, la organizaci\u00f3n no asumir\u00e1 responsabilidad alguna y no realizar\u00e1 devoluci\u00f3n alguna del importe de la inscripci\u00f3n.<\/li>\n<li>Por el mero hecho de inscribir en una de las distancias de la prueba se acepta la totalidad de este reglamento. Lo que no est\u00e9 previsto, ser\u00e1 sometido a la decisi\u00f3n de la organizaci\u00f3n. <\/li>\n<\/ol>\t\t\t\t\t\t\t\t<\/div>\n\t\t\t\t<\/div>\n\t\t\t\t\t<\/div>\n\t\t<\/div>\n\t\t\t\t\t<\/div>\n\t\t<\/section>\n\t\t\t\t<\/div>\n\t\t","protected":false},"excerpt":{"rendered":"<p>Info Reglamento La Club Esportiu La Garba organiza La Garba, ruta cicloturista no competitiva. La salida y la llegada ser\u00e1 en L&#8217;Ampolla (Delta del Ebro). La prueba cuenta con diferentes distancias, aproximadamente: Lo Voltor 500km +8.500m Lo Flamenc 350km +6.300m La Cabra 200km +3.200m Lo Cabrit 130km +1.600m La Garba 120km +100m Lo Manoll 80km [&hellip;]<\/p>\n","protected":false},"author":1,"featured_media":5433,"parent":5820,"menu_order":5,"comment_status":"closed","ping_status":"closed","template":"","meta":{"_monsterinsights_skip_tracking":false,"_monsterinsights_sitenote_active":false,"_monsterinsights_sitenote_note":"","_monsterinsights_sitenote_category":0,"site-sidebar-layout":"no-sidebar","site-content-layout":"page-builder","ast-site-content-layout":"full-width-container","site-content-style":"unboxed","site-sidebar-style":"unboxed","ast-global-header-display":"","ast-banner-title-visibility":"","ast-main-header-display":"","ast-hfb-above-header-display":"","ast-hfb-below-header-display":"","ast-hfb-mobile-header-display":"","site-post-title":"disabled","ast-breadcrumbs-content":"","ast-featured-img":"","footer-sml-layout":"","ast-disable-related-posts":"","theme-transparent-header-meta":"enabled","adv-header-id-meta":"","stick-header-meta":"","header-above-stick-meta":"","header-main-stick-meta":"","header-below-stick-meta":"","astra-migrate-meta-layouts":"default","ast-page-background-enabled":"default","ast-page-background-meta":{"desktop":{"background-color":"","background-image":"","background-repeat":"repeat","background-position":"center center","background-size":"auto","background-attachment":"scroll","background-type":"","background-media":"","overlay-type":"","overlay-color":"","overlay-opacity":"","overlay-gradient":""},"tablet":{"background-color":"","background-image":"","background-repeat":"repeat","background-position":"center center","background-size":"auto","background-attachment":"scroll","background-type":"","background-media":"","overlay-type":"","overlay-color":"","overlay-opacity":"","overlay-gradient":""},"mobile":{"background-color":"","background-image":"","background-repeat":"repeat","background-position":"center center","background-size":"auto","background-attachment":"scroll","background-type":"","background-media":"","overlay-type":"","overlay-color":"","overlay-opacity":"","overlay-gradient":""}},"ast-content-background-meta":{"desktop":{"background-color":"var(--ast-global-color-5)","background-image":"","background-repeat":"repeat","background-position":"center center","background-size":"auto","background-attachment":"scroll","background-type":"","background-media":"","overlay-type":"","overlay-color":"","overlay-opacity":"","overlay-gradient":""},"tablet":{"background-color":"var(--ast-global-color-5)","background-image":"","background-repeat":"repeat","background-position":"center center","background-size":"auto","background-attachment":"scroll","background-type":"","background-media":"","overlay-type":"","overlay-color":"","overlay-opacity":"","overlay-gradient":""},"mobile":{"background-color":"var(--ast-global-color-5)","background-image":"","background-repeat":"repeat","background-position":"center center","background-size":"auto","background-attachment":"scroll","background-type":"","background-media":"","overlay-type":"","overlay-color":"","overlay-opacity":"","overlay-gradient":""}},"footnotes":""},"class_list":["post-1000","page","type-page","status-publish","has-post-thumbnail","hentry"],"yoast_head":"<!-- This site is optimized with the Yoast SEO plugin v27.3 - https:\/\/yoast.com\/product\/yoast-seo-wordpress\/ -->\n<title>Reglamento - SB Hotels La Garba<\/title>\n<meta name=\"description\" content=\"Reglamento de La Garba.\" \/>\n<meta name=\"robots\" content=\"index, follow, max-snippet:-1, max-image-preview:large, max-video-preview:-1\" \/>\n<link rel=\"canonical\" href=\"https:\/\/sbhotelslagarba.com\/es\/info\/reglamento\/\" \/>\n<meta property=\"og:locale\" content=\"es_ES\" \/>\n<meta property=\"og:type\" content=\"article\" \/>\n<meta property=\"og:title\" content=\"Reglamento - SB Hotels La Garba\" \/>\n<meta property=\"og:description\" content=\"Reglamento de La Garba.\" \/>\n<meta property=\"og:url\" content=\"https:\/\/sbhotelslagarba.com\/es\/info\/reglamento\/\" \/>\n<meta property=\"og:site_name\" content=\"SB Hotels La Garba\" \/>\n<meta property=\"article:modified_time\" content=\"2025-11-17T15:19:47+00:00\" \/>\n<meta property=\"og:image\" content=\"https:\/\/sbhotelslagarba.com\/wp-content\/uploads\/2024\/12\/La-Cabra-02.jpg\" \/>\n\t<meta property=\"og:image:width\" content=\"1920\" \/>\n\t<meta property=\"og:image:height\" content=\"1078\" \/>\n\t<meta property=\"og:image:type\" content=\"image\/jpeg\" \/>\n<meta name=\"twitter:card\" content=\"summary_large_image\" \/>\n<meta name=\"twitter:label1\" content=\"Tiempo de lectura\" \/>\n\t<meta name=\"twitter:data1\" content=\"5 minutos\" \/>\n<script type=\"application\/ld+json\" class=\"yoast-schema-graph\">{\"@context\":\"https:\\\/\\\/schema.org\",\"@graph\":[{\"@type\":\"WebPage\",\"@id\":\"https:\\\/\\\/sbhotelslagarba.com\\\/es\\\/info\\\/reglamento\\\/\",\"url\":\"https:\\\/\\\/sbhotelslagarba.com\\\/es\\\/info\\\/reglamento\\\/\",\"name\":\"Reglamento - SB Hotels La Garba\",\"isPartOf\":{\"@id\":\"https:\\\/\\\/sbhotelslagarba.com\\\/es\\\/#website\"},\"primaryImageOfPage\":{\"@id\":\"https:\\\/\\\/sbhotelslagarba.com\\\/es\\\/info\\\/reglamento\\\/#primaryimage\"},\"image\":{\"@id\":\"https:\\\/\\\/sbhotelslagarba.com\\\/es\\\/info\\\/reglamento\\\/#primaryimage\"},\"thumbnailUrl\":\"https:\\\/\\\/sbhotelslagarba.com\\\/wp-content\\\/uploads\\\/2024\\\/12\\\/La-Cabra-02.jpg\",\"datePublished\":\"2022-02-02T16:16:29+00:00\",\"dateModified\":\"2025-11-17T15:19:47+00:00\",\"description\":\"Reglamento de La Garba.\",\"breadcrumb\":{\"@id\":\"https:\\\/\\\/sbhotelslagarba.com\\\/es\\\/info\\\/reglamento\\\/#breadcrumb\"},\"inLanguage\":\"es\",\"potentialAction\":[{\"@type\":\"ReadAction\",\"target\":[\"https:\\\/\\\/sbhotelslagarba.com\\\/es\\\/info\\\/reglamento\\\/\"]}]},{\"@type\":\"ImageObject\",\"inLanguage\":\"es\",\"@id\":\"https:\\\/\\\/sbhotelslagarba.com\\\/es\\\/info\\\/reglamento\\\/#primaryimage\",\"url\":\"https:\\\/\\\/sbhotelslagarba.com\\\/wp-content\\\/uploads\\\/2024\\\/12\\\/La-Cabra-02.jpg\",\"contentUrl\":\"https:\\\/\\\/sbhotelslagarba.com\\\/wp-content\\\/uploads\\\/2024\\\/12\\\/La-Cabra-02.jpg\",\"width\":1920,\"height\":1078},{\"@type\":\"BreadcrumbList\",\"@id\":\"https:\\\/\\\/sbhotelslagarba.com\\\/es\\\/info\\\/reglamento\\\/#breadcrumb\",\"itemListElement\":[{\"@type\":\"ListItem\",\"position\":1,\"name\":\"Portada\",\"item\":\"https:\\\/\\\/sbhotelslagarba.com\\\/es\\\/la-garba\\\/\"},{\"@type\":\"ListItem\",\"position\":2,\"name\":\"Info\",\"item\":\"https:\\\/\\\/sbhotelslagarba.com\\\/es\\\/info\\\/\"},{\"@type\":\"ListItem\",\"position\":3,\"name\":\"Reglamento\"}]},{\"@type\":\"WebSite\",\"@id\":\"https:\\\/\\\/sbhotelslagarba.com\\\/es\\\/#website\",\"url\":\"https:\\\/\\\/sbhotelslagarba.com\\\/es\\\/\",\"name\":\"SB Hotels La Garba\",\"description\":\"Gravel\",\"publisher\":{\"@id\":\"https:\\\/\\\/sbhotelslagarba.com\\\/es\\\/#organization\"},\"potentialAction\":[{\"@type\":\"SearchAction\",\"target\":{\"@type\":\"EntryPoint\",\"urlTemplate\":\"https:\\\/\\\/sbhotelslagarba.com\\\/es\\\/?s={search_term_string}\"},\"query-input\":{\"@type\":\"PropertyValueSpecification\",\"valueRequired\":true,\"valueName\":\"search_term_string\"}}],\"inLanguage\":\"es\"},{\"@type\":\"Organization\",\"@id\":\"https:\\\/\\\/sbhotelslagarba.com\\\/es\\\/#organization\",\"name\":\"SB Hotels La Garba\",\"url\":\"https:\\\/\\\/sbhotelslagarba.com\\\/es\\\/\",\"logo\":{\"@type\":\"ImageObject\",\"inLanguage\":\"es\",\"@id\":\"https:\\\/\\\/sbhotelslagarba.com\\\/es\\\/#\\\/schema\\\/logo\\\/image\\\/\",\"url\":\"https:\\\/\\\/sbhotelslagarba.com\\\/wp-content\\\/uploads\\\/2024\\\/02\\\/logo-sbhotels-lagarba.svg\",\"contentUrl\":\"https:\\\/\\\/sbhotelslagarba.com\\\/wp-content\\\/uploads\\\/2024\\\/02\\\/logo-sbhotels-lagarba.svg\",\"caption\":\"SB Hotels La Garba\"},\"image\":{\"@id\":\"https:\\\/\\\/sbhotelslagarba.com\\\/es\\\/#\\\/schema\\\/logo\\\/image\\\/\"}}]}<\/script>\n<!-- \/ Yoast SEO plugin. -->","yoast_head_json":{"title":"Reglamento - SB Hotels La Garba","description":"Reglamento de La Garba.","robots":{"index":"index","follow":"follow","max-snippet":"max-snippet:-1","max-image-preview":"max-image-preview:large","max-video-preview":"max-video-preview:-1"},"canonical":"https:\/\/sbhotelslagarba.com\/es\/info\/reglamento\/","og_locale":"es_ES","og_type":"article","og_title":"Reglamento - SB Hotels La Garba","og_description":"Reglamento de La Garba.","og_url":"https:\/\/sbhotelslagarba.com\/es\/info\/reglamento\/","og_site_name":"SB Hotels La Garba","article_modified_time":"2025-11-17T15:19:47+00:00","og_image":[{"width":1920,"height":1078,"url":"https:\/\/sbhotelslagarba.com\/wp-content\/uploads\/2024\/12\/La-Cabra-02.jpg","type":"image\/jpeg"}],"twitter_card":"summary_large_image","twitter_misc":{"Tiempo de lectura":"5 minutos"},"schema":{"@context":"https:\/\/schema.org","@graph":[{"@type":"WebPage","@id":"https:\/\/sbhotelslagarba.com\/es\/info\/reglamento\/","url":"https:\/\/sbhotelslagarba.com\/es\/info\/reglamento\/","name":"Reglamento - SB Hotels La Garba","isPartOf":{"@id":"https:\/\/sbhotelslagarba.com\/es\/#website"},"primaryImageOfPage":{"@id":"https:\/\/sbhotelslagarba.com\/es\/info\/reglamento\/#primaryimage"},"image":{"@id":"https:\/\/sbhotelslagarba.com\/es\/info\/reglamento\/#primaryimage"},"thumbnailUrl":"https:\/\/sbhotelslagarba.com\/wp-content\/uploads\/2024\/12\/La-Cabra-02.jpg","datePublished":"2022-02-02T16:16:29+00:00","dateModified":"2025-11-17T15:19:47+00:00","description":"Reglamento de La Garba.","breadcrumb":{"@id":"https:\/\/sbhotelslagarba.com\/es\/info\/reglamento\/#breadcrumb"},"inLanguage":"es","potentialAction":[{"@type":"ReadAction","target":["https:\/\/sbhotelslagarba.com\/es\/info\/reglamento\/"]}]},{"@type":"ImageObject","inLanguage":"es","@id":"https:\/\/sbhotelslagarba.com\/es\/info\/reglamento\/#primaryimage","url":"https:\/\/sbhotelslagarba.com\/wp-content\/uploads\/2024\/12\/La-Cabra-02.jpg","contentUrl":"https:\/\/sbhotelslagarba.com\/wp-content\/uploads\/2024\/12\/La-Cabra-02.jpg","width":1920,"height":1078},{"@type":"BreadcrumbList","@id":"https:\/\/sbhotelslagarba.com\/es\/info\/reglamento\/#breadcrumb","itemListElement":[{"@type":"ListItem","position":1,"name":"Portada","item":"https:\/\/sbhotelslagarba.com\/es\/la-garba\/"},{"@type":"ListItem","position":2,"name":"Info","item":"https:\/\/sbhotelslagarba.com\/es\/info\/"},{"@type":"ListItem","position":3,"name":"Reglamento"}]},{"@type":"WebSite","@id":"https:\/\/sbhotelslagarba.com\/es\/#website","url":"https:\/\/sbhotelslagarba.com\/es\/","name":"SB Hotels La Garba","description":"Gravel","publisher":{"@id":"https:\/\/sbhotelslagarba.com\/es\/#organization"},"potentialAction":[{"@type":"SearchAction","target":{"@type":"EntryPoint","urlTemplate":"https:\/\/sbhotelslagarba.com\/es\/?s={search_term_string}"},"query-input":{"@type":"PropertyValueSpecification","valueRequired":true,"valueName":"search_term_string"}}],"inLanguage":"es"},{"@type":"Organization","@id":"https:\/\/sbhotelslagarba.com\/es\/#organization","name":"SB Hotels La Garba","url":"https:\/\/sbhotelslagarba.com\/es\/","logo":{"@type":"ImageObject","inLanguage":"es","@id":"https:\/\/sbhotelslagarba.com\/es\/#\/schema\/logo\/image\/","url":"https:\/\/sbhotelslagarba.com\/wp-content\/uploads\/2024\/02\/logo-sbhotels-lagarba.svg","contentUrl":"https:\/\/sbhotelslagarba.com\/wp-content\/uploads\/2024\/02\/logo-sbhotels-lagarba.svg","caption":"SB Hotels La Garba"},"image":{"@id":"https:\/\/sbhotelslagarba.com\/es\/#\/schema\/logo\/image\/"}}]}},"_links":{"self":[{"href":"https:\/\/sbhotelslagarba.com\/es\/wp-json\/wp\/v2\/pages\/1000","targetHints":{"allow":["GET"]}}],"collection":[{"href":"https:\/\/sbhotelslagarba.com\/es\/wp-json\/wp\/v2\/pages"}],"about":[{"href":"https:\/\/sbhotelslagarba.com\/es\/wp-json\/wp\/v2\/types\/page"}],"author":[{"embeddable":true,"href":"https:\/\/sbhotelslagarba.com\/es\/wp-json\/wp\/v2\/users\/1"}],"replies":[{"embeddable":true,"href":"https:\/\/sbhotelslagarba.com\/es\/wp-json\/wp\/v2\/comments?post=1000"}],"version-history":[{"count":9,"href":"https:\/\/sbhotelslagarba.com\/es\/wp-json\/wp\/v2\/pages\/1000\/revisions"}],"predecessor-version":[{"id":6809,"href":"https:\/\/sbhotelslagarba.com\/es\/wp-json\/wp\/v2\/pages\/1000\/revisions\/6809"}],"up":[{"embeddable":true,"href":"https:\/\/sbhotelslagarba.com\/es\/wp-json\/wp\/v2\/pages\/5820"}],"wp:featuredmedia":[{"embeddable":true,"href":"https:\/\/sbhotelslagarba.com\/es\/wp-json\/wp\/v2\/media\/5433"}],"wp:attachment":[{"href":"https:\/\/sbhotelslagarba.com\/es\/wp-json\/wp\/v2\/media?parent=1000"}],"curies":[{"name":"wp","href":"https:\/\/api.w.org\/{rel}","templated":true}]}}